{"id":420,"date":"2025-10-21T11:12:47","date_gmt":"2025-10-21T11:12:47","guid":{"rendered":"https:\/\/vinarijamilicevic.rs\/?page_id=420"},"modified":"2026-03-17T11:26:41","modified_gmt":"2026-03-17T11:26:41","slug":"vinarijamilicevic-rs-kontakt","status":"publish","type":"page","link":"https:\/\/vinarijamilicevic.rs\/en\/vinarijamilicevic-rs-kontakt\/","title":{"rendered":"Contact"},"content":{"rendered":"<div data-elementor-type=\"wp-page\" data-elementor-id=\"420\" class=\"elementor elementor-420\" data-elementor-post-type=\"page\">\n\t\t\t\t\t\t<section class=\"elementor-section elementor-top-section elementor-element elementor-element-5a72d815 elementor-section-height-min-height elementor-section-boxed elementor-section-height-default elementor-section-items-middle\" data-id=\"5a72d815\" data-element_type=\"section\" data-settings=\"{&quot;background_background&quot;:&quot;gradient&quot;}\">\n\t\t\t\t\t\t\t<div class=\"elementor-background-overlay\"><\/div>\n\t\t\t\t\t\t\t<div class=\"elementor-container elementor-column-gap-default\">\n\t\t\t\t\t<div class=\"elementor-column elementor-col-100 elementor-top-column elementor-element elementor-element-48a425c4\" data-id=\"48a425c4\" data-element_type=\"column\">\n\t\t\t<div class=\"elementor-widget-wrap elementor-element-populated\">\n\t\t\t\t\t\t<div class=\"elementor-element elementor-element-3785c1c4 elementor-invisible elementor-widget elementor-widget-icon-box\" data-id=\"3785c1c4\" data-element_type=\"widget\" data-settings=\"{&quot;_animation&quot;:&quot;fadeInUp&quot;}\" data-widget_type=\"icon-box.default\">\n\t\t\t\t\t\t\t<div class=\"elementor-icon-box-wrapper\">\n\n\t\t\t\n\t\t\t\t\t\t<div class=\"elementor-icon-box-content\">\n\n\t\t\t\t\n\t\t\t\t\t\t\t\t\t<p class=\"elementor-icon-box-description\">\n\t\t\t\t\t\tAn authentic Serbian winery that, through the Vladavina label, combines tradition, knowledge and a modern expression of wine\t\t\t\t\t<\/p>\n\t\t\t\t\n\t\t\t<\/div>\n\t\t\t\n\t\t<\/div>\n\t\t\t\t\t\t<\/div>\n\t\t\t\t\t<\/div>\n\t\t<\/div>\n\t\t\t\t\t<\/div>\n\t\t<\/section>\n\t\t\t\t<section class=\"elementor-section elementor-top-section elementor-element elementor-element-59e0d61e elementor-section-boxed elementor-section-height-default elementor-section-height-default\" data-id=\"59e0d61e\" data-element_type=\"section\" data-settings=\"{&quot;background_background&quot;:&quot;classic&quot;}\">\n\t\t\t\t\t\t<div class=\"elementor-container elementor-column-gap-default\">\n\t\t\t\t\t<div class=\"elementor-column elementor-col-100 elementor-top-column elementor-element elementor-element-1caf8817\" data-id=\"1caf8817\" data-element_type=\"column\">\n\t\t\t<div class=\"elementor-widget-wrap elementor-element-populated\">\n\t\t\t\t\t\t<div class=\"elementor-element elementor-element-e0920ec elementor-invisible elementor-widget elementor-widget-heading\" data-id=\"e0920ec\" data-element_type=\"widget\" data-settings=\"{&quot;_animation&quot;:&quot;fadeInUp&quot;}\" data-widget_type=\"heading.default\">\n\t\t\t\t\t<h2 class=\"elementor-heading-title elementor-size-default\">Contact us<\/h2>\t\t\t\t<\/div>\n\t\t\t\t<div class=\"elementor-element elementor-element-177f3c59 elementor-button-align-start elementor-mobile-button-align-stretch elementor-widget elementor-widget-form\" data-id=\"177f3c59\" data-element_type=\"widget\" data-settings=\"{&quot;step_next_label&quot;:&quot;Next&quot;,&quot;step_previous_label&quot;:&quot;Previous&quot;,&quot;button_width&quot;:&quot;100&quot;,&quot;step_type&quot;:&quot;number_text&quot;,&quot;step_icon_shape&quot;:&quot;circle&quot;}\" data-widget_type=\"form.default\">\n\t\t\t\t\t\t\t<form class=\"elementor-form\" method=\"post\" name=\"Contact Us - Vine Gloss\" aria-label=\"Contact Us - Vine Gloss\" action=\"\">\n\t\t\t<input type=\"hidden\" name=\"post_id\" value=\"420\"\/>\n\t\t\t<input type=\"hidden\" name=\"form_id\" value=\"177f3c59\"\/>\n\t\t\t<input type=\"hidden\" name=\"referer_title\" value=\"Kontakt - Vinarija Mili\u0107evi\u0107\" \/>\n\n\t\t\t\t\t\t\t<input type=\"hidden\" name=\"queried_id\" value=\"420\"\/>\n\t\t\t\n\t\t\t<div class=\"elementor-form-fields-wrapper elementor-labels-\">\n\t\t\t\t\t\t\t\t<div class=\"elementor-field-type-text elementor-field-group elementor-column elementor-field-group-name elementor-col-100\">\n\t\t\t\t\t\t\t\t\t\t\t\t<label for=\"form-field-name\" class=\"elementor-field-label elementor-screen-only\">\n\t\t\t\t\t\t\t\tName\t\t\t\t\t\t\t<\/label>\n\t\t\t\t\t\t\t\t\t\t\t\t\t\t<input size=\"1\" type=\"text\" name=\"form_fields[name]\" id=\"form-field-name\" class=\"elementor-field elementor-size-lg  elementor-field-textual\" placeholder=\"Your name and surname\">\n\t\t\t\t\t\t\t\t\t\t\t<\/div>\n\t\t\t\t\t\t\t\t<div class=\"elementor-field-type-email elementor-field-group elementor-column elementor-field-group-email elementor-col-100\">\n\t\t\t\t\t\t\t\t\t\t\t\t<label for=\"form-field-email\" class=\"elementor-field-label elementor-screen-only\">\n\t\t\t\t\t\t\t\tEmail\t\t\t\t\t\t\t<\/label>\n\t\t\t\t\t\t\t\t\t\t\t\t\t\t<input size=\"1\" type=\"email\" name=\"form_fields[email]\" id=\"form-field-email\" class=\"elementor-field elementor-size-lg  elementor-field-textual\" placeholder=\"Email address\">\n\t\t\t\t\t\t\t\t\t\t\t<\/div>\n\t\t\t\t\t\t\t\t<div class=\"elementor-field-type-text elementor-field-group elementor-column elementor-field-group-field_2 elementor-col-100\">\n\t\t\t\t\t\t\t\t\t\t\t\t<label for=\"form-field-field_2\" class=\"elementor-field-label elementor-screen-only\">\n\t\t\t\t\t\t\t\tSubject\t\t\t\t\t\t\t<\/label>\n\t\t\t\t\t\t\t\t\t\t\t\t\t\t<input size=\"1\" type=\"text\" name=\"form_fields[field_2]\" id=\"form-field-field_2\" class=\"elementor-field elementor-size-lg  elementor-field-textual\" placeholder=\"Message subject\">\n\t\t\t\t\t\t\t\t\t\t\t<\/div>\n\t\t\t\t\t\t\t\t<div class=\"elementor-field-type-textarea elementor-field-group elementor-column elementor-field-group-message elementor-col-100\">\n\t\t\t\t\t\t\t\t\t\t\t\t<label for=\"form-field-message\" class=\"elementor-field-label elementor-screen-only\">\n\t\t\t\t\t\t\t\tMessage\t\t\t\t\t\t\t<\/label>\n\t\t\t\t\t\t<textarea class=\"elementor-field-textual elementor-field  elementor-size-lg\" name=\"form_fields[message]\" id=\"form-field-message\" rows=\"4\" placeholder=\"Your message\"><\/textarea>\t\t\t\t<\/div>\n\t\t\t\t\t\t\t\t<div class=\"elementor-field-group elementor-column elementor-field-type-submit elementor-col-100 e-form__buttons\">\n\t\t\t\t\t<button class=\"elementor-button elementor-size-md elementor-animation-grow\" type=\"submit\">\n\t\t\t\t\t\t<span class=\"elementor-button-content-wrapper\">\n\t\t\t\t\t\t\t\t\t\t\t\t\t\t\t\t\t\t\t\t\t\t<span class=\"elementor-button-text\">Send us a message<\/span>\n\t\t\t\t\t\t\t\t\t\t\t\t\t<\/span>\n\t\t\t\t\t<\/button>\n\t\t\t\t<\/div>\n\t\t\t<\/div>\n\t\t<input type=\"hidden\" name=\"trp-form-language\" value=\"en\"\/><\/form>\n\t\t\t\t\t\t<\/div>\n\t\t\t\t\t<\/div>\n\t\t<\/div>\n\t\t\t\t\t<\/div>\n\t\t<\/section>\n\t\t\t\t<section class=\"elementor-section elementor-top-section elementor-element elementor-element-5993228b elementor-section-boxed elementor-section-height-default elementor-section-height-default\" data-id=\"5993228b\" data-element_type=\"section\" data-settings=\"{&quot;background_background&quot;:&quot;classic&quot;}\">\n\t\t\t\t\t\t<div class=\"elementor-container elementor-column-gap-default\">\n\t\t\t\t\t<div class=\"elementor-column elementor-col-100 elementor-top-column elementor-element elementor-element-7dd9561\" data-id=\"7dd9561\" data-element_type=\"column\">\n\t\t\t<div class=\"elementor-widget-wrap elementor-element-populated\">\n\t\t\t\t\t\t<div class=\"elementor-element elementor-element-67312409 elementor-widget__width-initial elementor-widget-tablet__width-inherit e-transform elementor-invisible elementor-widget elementor-widget-icon-box\" data-id=\"67312409\" data-element_type=\"widget\" data-settings=\"{&quot;_animation&quot;:&quot;fadeInUp&quot;,&quot;_transform_translateY_effect_hover&quot;:{&quot;unit&quot;:&quot;px&quot;,&quot;size&quot;:-20,&quot;sizes&quot;:[]},&quot;_transform_translateX_effect_hover&quot;:{&quot;unit&quot;:&quot;px&quot;,&quot;size&quot;:&quot;&quot;,&quot;sizes&quot;:[]},&quot;_transform_translateX_effect_hover_tablet&quot;:{&quot;unit&quot;:&quot;px&quot;,&quot;size&quot;:&quot;&quot;,&quot;sizes&quot;:[]},&quot;_transform_translateX_effect_hover_mobile&quot;:{&quot;unit&quot;:&quot;px&quot;,&quot;size&quot;:&quot;&quot;,&quot;sizes&quot;:[]},&quot;_transform_translateY_effect_hover_tablet&quot;:{&quot;unit&quot;:&quot;px&quot;,&quot;size&quot;:&quot;&quot;,&quot;sizes&quot;:[]},&quot;_transform_translateY_effect_hover_mobile&quot;:{&quot;unit&quot;:&quot;px&quot;,&quot;size&quot;:&quot;&quot;,&quot;sizes&quot;:[]}}\" data-widget_type=\"icon-box.default\">\n\t\t\t\t\t\t\t<div class=\"elementor-icon-box-wrapper\">\n\n\t\t\t\n\t\t\t\t\t\t<div class=\"elementor-icon-box-content\">\n\n\t\t\t\t\t\t\t\t\t<h3 class=\"elementor-icon-box-title\">\n\t\t\t\t\t\t<span  >\n\t\t\t\t\t\t\tWhere are we?\t\t\t\t\t\t<\/span>\n\t\t\t\t\t<\/h3>\n\t\t\t\t\n\t\t\t\t\t\t\t\t\t<p class=\"elementor-icon-box-description\">\n\t\t\t\t\t\tSre\u0107ka Jovanovi\u0107a 40A<br>\n11235 Mali Po\u017earevac<br><br><br><br><br>\t\t\t\t\t<\/p>\n\t\t\t\t\n\t\t\t<\/div>\n\t\t\t\n\t\t<\/div>\n\t\t\t\t\t\t<\/div>\n\t\t\t\t<div class=\"elementor-element elementor-element-16ee703d elementor-widget__width-initial elementor-widget-tablet__width-inherit e-transform elementor-invisible elementor-widget elementor-widget-icon-box\" data-id=\"16ee703d\" data-element_type=\"widget\" data-settings=\"{&quot;_animation&quot;:&quot;fadeInUp&quot;,&quot;_animation_delay&quot;:200,&quot;_transform_translateY_effect_hover&quot;:{&quot;unit&quot;:&quot;px&quot;,&quot;size&quot;:-20,&quot;sizes&quot;:[]},&quot;_transform_translateX_effect_hover&quot;:{&quot;unit&quot;:&quot;px&quot;,&quot;size&quot;:&quot;&quot;,&quot;sizes&quot;:[]},&quot;_transform_translateX_effect_hover_tablet&quot;:{&quot;unit&quot;:&quot;px&quot;,&quot;size&quot;:&quot;&quot;,&quot;sizes&quot;:[]},&quot;_transform_translateX_effect_hover_mobile&quot;:{&quot;unit&quot;:&quot;px&quot;,&quot;size&quot;:&quot;&quot;,&quot;sizes&quot;:[]},&quot;_transform_translateY_effect_hover_tablet&quot;:{&quot;unit&quot;:&quot;px&quot;,&quot;size&quot;:&quot;&quot;,&quot;sizes&quot;:[]},&quot;_transform_translateY_effect_hover_mobile&quot;:{&quot;unit&quot;:&quot;px&quot;,&quot;size&quot;:&quot;&quot;,&quot;sizes&quot;:[]}}\" data-widget_type=\"icon-box.default\">\n\t\t\t\t\t\t\t<div class=\"elementor-icon-box-wrapper\">\n\n\t\t\t\n\t\t\t\t\t\t<div class=\"elementor-icon-box-content\">\n\n\t\t\t\t\t\t\t\t\t<h3 class=\"elementor-icon-box-title\">\n\t\t\t\t\t\t<span  >\n\t\t\t\t\t\t\tCall us\t\t\t\t\t\t<\/span>\n\t\t\t\t\t<\/h3>\n\t\t\t\t\n\t\t\t\t\t\t\t\t\t<p class=\"elementor-icon-box-description\">\n\t\t\t\t\t\t+381 64 1176 356<br>\nvladan.milicevic@virsistem.rs<br><br>\n+381 60 5660 029<br>\nstevan.bankovic@vinarijamilicevic.rs<br>\ninfo@vinarijamilicevic.rs\t\t\t\t\t<\/p>\n\t\t\t\t\n\t\t\t<\/div>\n\t\t\t\n\t\t<\/div>\n\t\t\t\t\t\t<\/div>\n\t\t\t\t<div class=\"elementor-element elementor-element-108b9ee6 elementor-widget__width-initial elementor-widget-tablet__width-inherit e-transform elementor-invisible elementor-widget elementor-widget-icon-box\" data-id=\"108b9ee6\" data-element_type=\"widget\" data-settings=\"{&quot;_animation&quot;:&quot;fadeInUp&quot;,&quot;_animation_delay&quot;:400,&quot;_transform_translateY_effect_hover&quot;:{&quot;unit&quot;:&quot;px&quot;,&quot;size&quot;:-20,&quot;sizes&quot;:[]},&quot;_transform_translateX_effect_hover&quot;:{&quot;unit&quot;:&quot;px&quot;,&quot;size&quot;:&quot;&quot;,&quot;sizes&quot;:[]},&quot;_transform_translateX_effect_hover_tablet&quot;:{&quot;unit&quot;:&quot;px&quot;,&quot;size&quot;:&quot;&quot;,&quot;sizes&quot;:[]},&quot;_transform_translateX_effect_hover_mobile&quot;:{&quot;unit&quot;:&quot;px&quot;,&quot;size&quot;:&quot;&quot;,&quot;sizes&quot;:[]},&quot;_transform_translateY_effect_hover_tablet&quot;:{&quot;unit&quot;:&quot;px&quot;,&quot;size&quot;:&quot;&quot;,&quot;sizes&quot;:[]},&quot;_transform_translateY_effect_hover_mobile&quot;:{&quot;unit&quot;:&quot;px&quot;,&quot;size&quot;:&quot;&quot;,&quot;sizes&quot;:[]}}\" data-widget_type=\"icon-box.default\">\n\t\t\t\t\t\t\t<div class=\"elementor-icon-box-wrapper\">\n\n\t\t\t\n\t\t\t\t\t\t<div class=\"elementor-icon-box-content\">\n\n\t\t\t\t\t\t\t\t\t<h3 class=\"elementor-icon-box-title\">\n\t\t\t\t\t\t<span  >\n\t\t\t\t\t\t\tWorking hours\t\t\t\t\t\t<\/span>\n\t\t\t\t\t<\/h3>\n\t\t\t\t\n\t\t\t\t\t\t\t\t\t<p class=\"elementor-icon-box-description\">\n\t\t\t\t\t\tPonedeljak - Petak<br>\n09.00h - 17.00h<br><br><br><br><br>\t\t\t\t\t<\/p>\n\t\t\t\t\n\t\t\t<\/div>\n\t\t\t\n\t\t<\/div>\n\t\t\t\t\t\t<\/div>\n\t\t\t\t\t<\/div>\n\t\t<\/div>\n\t\t\t\t\t<\/div>\n\t\t<\/section>\n\t\t\t\t<\/div>","protected":false},"excerpt":{"rendered":"<p>Autenti\u010dna srpska vinarija koja kroz etiketu Vladavina spaja tradiciju, znanje i savremeni izraz vina Kontaktirajte nas Gde se nalazimo Sre\u0107ka Jovanovi\u0107a 40A 11235 Mali Po\u017earevac Pozovite nas +381 64 1176 356 vladan.milicevic@virsistem.rs +381 60 5660 029 stevan.bankovic@vinarijamilicevic.rs info@vinarijamilicevic.rs Radno vreme Ponedeljak &#8211; Petak 09.00h &#8211; 17.00h<\/p>","protected":false},"author":1,"featured_media":0,"parent":0,"menu_order":0,"comment_status":"closed","ping_status":"closed","template":"elementor_header_footer","meta":{"_acf_changed":false,"footnotes":""},"class_list":["post-420","page","type-page","status-publish","hentry"],"acf":[],"yoast_head":"<!-- This site is optimized with the Yoast SEO plugin v27.1.1 - https:\/\/yoast.com\/product\/yoast-seo-wordpress\/ -->\n<title>Kontakt - Vinarija Mili\u0107evi\u0107<\/title>\n<meta name=\"description\" content=\"Autenti\u010dna srpska vinarija koja kroz etiketu Vladavina spaja tradiciju, znanje i savremeni izraz vina. Kontaktirajte nas!\" \/>\n<meta name=\"robots\" content=\"index, follow, max-snippet:-1, max-image-preview:large, max-video-preview:-1\" \/>\n<link rel=\"canonical\" href=\"https:\/\/vinarijamilicevic.rs\/en\/vinarijamilicevic-rs-kontakt\/\" \/>\n<meta property=\"og:locale\" content=\"en_US\" \/>\n<meta property=\"og:type\" content=\"article\" \/>\n<meta property=\"og:title\" content=\"Kontakt - Vinarija Mili\u0107evi\u0107\" \/>\n<meta property=\"og:description\" content=\"Autenti\u010dna srpska vinarija koja kroz etiketu Vladavina spaja tradiciju, znanje i savremeni izraz vina. Kontaktirajte nas!\" \/>\n<meta property=\"og:url\" content=\"https:\/\/vinarijamilicevic.rs\/en\/vinarijamilicevic-rs-kontakt\/\" \/>\n<meta property=\"og:site_name\" content=\"Vinarija Mili\u0107evi\u0107\" \/>\n<meta property=\"article:publisher\" content=\"https:\/\/www.instagram.com\/vinarijamilicevic\/\" \/>\n<meta property=\"article:modified_time\" content=\"2026-03-17T11:26:41+00:00\" \/>\n<meta name=\"twitter:card\" content=\"summary_large_image\" \/>\n<meta name=\"twitter:label1\" content=\"Est. reading time\" \/>\n\t<meta name=\"twitter:data1\" content=\"1 minute\" \/>\n<script type=\"application\/ld+json\" class=\"yoast-schema-graph\">{\"@context\":\"https:\/\/schema.org\",\"@graph\":[{\"@type\":\"WebPage\",\"@id\":\"https:\/\/vinarijamilicevic.rs\/vinarijamilicevic-rs-kontakt\/\",\"url\":\"https:\/\/vinarijamilicevic.rs\/vinarijamilicevic-rs-kontakt\/\",\"name\":\"Kontakt - Vinarija Mili\u0107evi\u0107\",\"isPartOf\":{\"@id\":\"https:\/\/vinarijamilicevic.rs\/#website\"},\"datePublished\":\"2025-10-21T11:12:47+00:00\",\"dateModified\":\"2026-03-17T11:26:41+00:00\",\"description\":\"Autenti\u010dna srpska vinarija koja kroz etiketu Vladavina spaja tradiciju, znanje i savremeni izraz vina. Kontaktirajte nas!\",\"breadcrumb\":{\"@id\":\"https:\/\/vinarijamilicevic.rs\/vinarijamilicevic-rs-kontakt\/#breadcrumb\"},\"inLanguage\":\"en-US\",\"potentialAction\":[{\"@type\":\"ReadAction\",\"target\":[\"https:\/\/vinarijamilicevic.rs\/vinarijamilicevic-rs-kontakt\/\"]}]},{\"@type\":\"BreadcrumbList\",\"@id\":\"https:\/\/vinarijamilicevic.rs\/vinarijamilicevic-rs-kontakt\/#breadcrumb\",\"itemListElement\":[{\"@type\":\"ListItem\",\"position\":1,\"name\":\"Home\",\"item\":\"https:\/\/vinarijamilicevic.rs\/\"},{\"@type\":\"ListItem\",\"position\":2,\"name\":\"Kontakt\"}]},{\"@type\":\"WebSite\",\"@id\":\"https:\/\/vinarijamilicevic.rs\/#website\",\"url\":\"https:\/\/vinarijamilicevic.rs\/\",\"name\":\"Vinarija Mili\u0107evi\u0107\",\"description\":\"\",\"publisher\":{\"@id\":\"https:\/\/vinarijamilicevic.rs\/#organization\"},\"potentialAction\":[{\"@type\":\"SearchAction\",\"target\":{\"@type\":\"EntryPoint\",\"urlTemplate\":\"https:\/\/vinarijamilicevic.rs\/?s={search_term_string}\"},\"query-input\":{\"@type\":\"PropertyValueSpecification\",\"valueRequired\":true,\"valueName\":\"search_term_string\"}}],\"inLanguage\":\"en-US\"},{\"@type\":\"Organization\",\"@id\":\"https:\/\/vinarijamilicevic.rs\/#organization\",\"name\":\"Vinarija Mili\u0107evi\u0107\",\"url\":\"https:\/\/vinarijamilicevic.rs\/\",\"logo\":{\"@type\":\"ImageObject\",\"inLanguage\":\"en-US\",\"@id\":\"https:\/\/vinarijamilicevic.rs\/#\/schema\/logo\/image\/\",\"url\":\"https:\/\/vinarijamilicevic.rs\/wp-content\/uploads\/2025\/10\/cropped-logo-2.png\",\"contentUrl\":\"https:\/\/vinarijamilicevic.rs\/wp-content\/uploads\/2025\/10\/cropped-logo-2.png\",\"width\":249,\"height\":108,\"caption\":\"Vinarija Mili\u0107evi\u0107\"},\"image\":{\"@id\":\"https:\/\/vinarijamilicevic.rs\/#\/schema\/logo\/image\/\"},\"sameAs\":[\"https:\/\/www.instagram.com\/vinarijamilicevic\/\"]}]}<\/script>\n<!-- \/ Yoast SEO plugin. -->","yoast_head_json":{"title":"Kontakt - Vinarija Mili\u0107evi\u0107","description":"Autenti\u010dna srpska vinarija koja kroz etiketu Vladavina spaja tradiciju, znanje i savremeni izraz vina. Kontaktirajte nas!","robots":{"index":"index","follow":"follow","max-snippet":"max-snippet:-1","max-image-preview":"max-image-preview:large","max-video-preview":"max-video-preview:-1"},"canonical":"https:\/\/vinarijamilicevic.rs\/en\/vinarijamilicevic-rs-kontakt\/","og_locale":"en_US","og_type":"article","og_title":"Kontakt - Vinarija Mili\u0107evi\u0107","og_description":"Autenti\u010dna srpska vinarija koja kroz etiketu Vladavina spaja tradiciju, znanje i savremeni izraz vina. Kontaktirajte nas!","og_url":"https:\/\/vinarijamilicevic.rs\/en\/vinarijamilicevic-rs-kontakt\/","og_site_name":"Vinarija Mili\u0107evi\u0107","article_publisher":"https:\/\/www.instagram.com\/vinarijamilicevic\/","article_modified_time":"2026-03-17T11:26:41+00:00","twitter_card":"summary_large_image","twitter_misc":{"Est. reading time":"1 minute"},"schema":{"@context":"https:\/\/schema.org","@graph":[{"@type":"WebPage","@id":"https:\/\/vinarijamilicevic.rs\/vinarijamilicevic-rs-kontakt\/","url":"https:\/\/vinarijamilicevic.rs\/vinarijamilicevic-rs-kontakt\/","name":"Kontakt - Vinarija Mili\u0107evi\u0107","isPartOf":{"@id":"https:\/\/vinarijamilicevic.rs\/#website"},"datePublished":"2025-10-21T11:12:47+00:00","dateModified":"2026-03-17T11:26:41+00:00","description":"Autenti\u010dna srpska vinarija koja kroz etiketu Vladavina spaja tradiciju, znanje i savremeni izraz vina. Kontaktirajte nas!","breadcrumb":{"@id":"https:\/\/vinarijamilicevic.rs\/vinarijamilicevic-rs-kontakt\/#breadcrumb"},"inLanguage":"en-US","potentialAction":[{"@type":"ReadAction","target":["https:\/\/vinarijamilicevic.rs\/vinarijamilicevic-rs-kontakt\/"]}]},{"@type":"BreadcrumbList","@id":"https:\/\/vinarijamilicevic.rs\/vinarijamilicevic-rs-kontakt\/#breadcrumb","itemListElement":[{"@type":"ListItem","position":1,"name":"Home","item":"https:\/\/vinarijamilicevic.rs\/"},{"@type":"ListItem","position":2,"name":"Kontakt"}]},{"@type":"WebSite","@id":"https:\/\/vinarijamilicevic.rs\/#website","url":"https:\/\/vinarijamilicevic.rs\/","name":"Mili\u0107evi\u0107 Winery","description":"","publisher":{"@id":"https:\/\/vinarijamilicevic.rs\/#organization"},"potentialAction":[{"@type":"SearchAction","target":{"@type":"EntryPoint","urlTemplate":"https:\/\/vinarijamilicevic.rs\/?s={search_term_string}"},"query-input":{"@type":"PropertyValueSpecification","valueRequired":true,"valueName":"search_term_string"}}],"inLanguage":"en-US"},{"@type":"Organization","@id":"https:\/\/vinarijamilicevic.rs\/#organization","name":"Mili\u0107evi\u0107 Winery","url":"https:\/\/vinarijamilicevic.rs\/","logo":{"@type":"ImageObject","inLanguage":"en-US","@id":"https:\/\/vinarijamilicevic.rs\/#\/schema\/logo\/image\/","url":"https:\/\/vinarijamilicevic.rs\/wp-content\/uploads\/2025\/10\/cropped-logo-2.png","contentUrl":"https:\/\/vinarijamilicevic.rs\/wp-content\/uploads\/2025\/10\/cropped-logo-2.png","width":249,"height":108,"caption":"Vinarija Mili\u0107evi\u0107"},"image":{"@id":"https:\/\/vinarijamilicevic.rs\/#\/schema\/logo\/image\/"},"sameAs":["https:\/\/www.instagram.com\/vinarijamilicevic\/"]}]}},"_links":{"self":[{"href":"https:\/\/vinarijamilicevic.rs\/en\/wp-json\/wp\/v2\/pages\/420","targetHints":{"allow":["GET"]}}],"collection":[{"href":"https:\/\/vinarijamilicevic.rs\/en\/wp-json\/wp\/v2\/pages"}],"about":[{"href":"https:\/\/vinarijamilicevic.rs\/en\/wp-json\/wp\/v2\/types\/page"}],"author":[{"embeddable":true,"href":"https:\/\/vinarijamilicevic.rs\/en\/wp-json\/wp\/v2\/users\/1"}],"replies":[{"embeddable":true,"href":"https:\/\/vinarijamilicevic.rs\/en\/wp-json\/wp\/v2\/comments?post=420"}],"version-history":[{"count":43,"href":"https:\/\/vinarijamilicevic.rs\/en\/wp-json\/wp\/v2\/pages\/420\/revisions"}],"predecessor-version":[{"id":849,"href":"https:\/\/vinarijamilicevic.rs\/en\/wp-json\/wp\/v2\/pages\/420\/revisions\/849"}],"wp:attachment":[{"href":"https:\/\/vinarijamilicevic.rs\/en\/wp-json\/wp\/v2\/media?parent=420"}],"curies":[{"name":"wp","href":"https:\/\/api.w.org\/{rel}","templated":true}]}}