{"id":463,"date":"2025-10-21T12:31:52","date_gmt":"2025-10-21T12:31:52","guid":{"rendered":"https:\/\/vinarijamilicevic.rs\/?post_type=product&#038;p=463"},"modified":"2025-12-25T15:07:07","modified_gmt":"2025-12-25T15:07:07","slug":"merlot-vladavina-icone","status":"publish","type":"product","link":"https:\/\/vinarijamilicevic.rs\/en\/product\/merlot-vladavina-icone\/","title":{"rendered":"Vladavina<br>Merlot Icone"},"content":{"rendered":"","protected":false},"excerpt":{"rendered":"<p class=\"yiv1820995563MsoNormal\">Ovo vino je prava harmonija prirodnih mirisa i bogatog ukusa koje poziva na istra\u017eivanje njegovih slo\u017eenih nijansi. Miris vina je veoma rasko\u0161an, na mirisu podse\u0107a na \u010dokoladu, kupinu i suvo za\u010dinsko bilje. Ukus vina je veoma bogat i intenzivan, kompleksan sa velikom elegancijom i ravnote\u017eom. Ose\u0107a se prezrelo vo\u0107e, pekmez od \u0161ljiva,marmelada od \u0161ipurka, \u010dokolada duvan.<\/p>\n<p class=\"yiv1820995563MsoNormal\">Ovo vino tra\u017ei hranu sa karakterom \u2013 savr\u0161eno se uparuje sa sporo pe\u010denom divlja\u010di u bogatom sosu od \u0161umskog vo\u0107a\u00a0 uz pa\u010dije grudi sa malo balzamika ili zrelije, plemenitije sireve poput starog pecorina. \u010cokoladni deserti sufle ili saher torta bi\u0107e pun pogodak.<\/p>\n<p class=\"yiv1820995563MsoNormal\">Vino je odle\u017ealo 20 meseci u najkvalitetnijim novim buradima od francuskog hrasta (Seguin Moreau).<\/p>\n<p class=\"yiv1820995563MsoNormal\"><strong>Tempreatura slu\u017eenja<\/strong> je 18<b>\u00b0<\/b>C.<\/p>\n<p class=\"yiv1820995563MsoNormal\"><strong><br \/>\nMerlot Icone 2021<\/strong><\/p>\n<p class=\"yiv1820995563MsoNormal\"><strong>Dekanter, London 2024, srebrna medalja<br \/>\n<\/strong><strong>Bergamo, Italy 2024, zlatna medalja<br \/>\n<\/strong><strong>AWC Vienna, 2025, zlatna medalja<\/strong><\/p>","protected":false},"featured_media":621,"comment_status":"open","ping_status":"closed","template":"","meta":{"_acf_changed":false},"product_brand":[],"product_cat":[26],"product_tag":[],"class_list":{"0":"post-463","1":"product","2":"type-product","3":"status-publish","4":"has-post-thumbnail","6":"product_cat-uncategorized","8":"first","9":"instock","10":"shipping-taxable","11":"product-type-simple"},"acf":[],"yoast_head":"<!-- This site is optimized with the Yoast SEO plugin v27.1.1 - https:\/\/yoast.com\/product\/yoast-seo-wordpress\/ -->\n<title>VladavinaMerlot Icone - Vinarija Mili\u0107evi\u0107<\/title>\n<meta name=\"description\" content=\"Miris vina je veoma rasko\u0161an, na mirisu podse\u0107a na \u010dokoladu, kupinu i suvo za\u010dinsko bilje. Ukus vina je veoma bogat i intenzivan, kompleksan sa velikom elegancijom i ravnote\u017eom.\" \/>\n<meta name=\"robots\" content=\"index, follow, max-snippet:-1, max-image-preview:large, max-video-preview:-1\" \/>\n<link rel=\"canonical\" href=\"https:\/\/vinarijamilicevic.rs\/en\/product\/merlot-vladavina-icone\/\" \/>\n<meta property=\"og:locale\" content=\"en_US\" \/>\n<meta property=\"og:type\" content=\"article\" \/>\n<meta property=\"og:title\" content=\"VladavinaMerlot Icone - Vinarija Mili\u0107evi\u0107\" \/>\n<meta property=\"og:description\" content=\"Miris vina je veoma rasko\u0161an, na mirisu podse\u0107a na \u010dokoladu, kupinu i suvo za\u010dinsko bilje. Ukus vina je veoma bogat i intenzivan, kompleksan sa velikom elegancijom i ravnote\u017eom.\" \/>\n<meta property=\"og:url\" content=\"https:\/\/vinarijamilicevic.rs\/en\/product\/merlot-vladavina-icone\/\" \/>\n<meta property=\"og:site_name\" content=\"Vinarija Mili\u0107evi\u0107\" \/>\n<meta property=\"article:publisher\" content=\"https:\/\/www.instagram.com\/vinarijamilicevic\/\" \/>\n<meta property=\"article:modified_time\" content=\"2025-12-25T15:07:07+00:00\" \/>\n<meta property=\"og:image\" content=\"http:\/\/vinarijamilicevic.rs\/wp-content\/uploads\/2025\/10\/VLADAVINA-ICONE.png\" \/>\n\t<meta property=\"og:image:width\" content=\"1200\" \/>\n\t<meta property=\"og:image:height\" content=\"1200\" \/>\n\t<meta property=\"og:image:type\" content=\"image\/png\" \/>\n<meta name=\"twitter:card\" content=\"summary_large_image\" \/>\n<meta name=\"twitter:label1\" content=\"Est. reading time\" \/>\n\t<meta name=\"twitter:data1\" content=\"1 minute\" \/>\n<script type=\"application\/ld+json\" class=\"yoast-schema-graph\">{\"@context\":\"https:\/\/schema.org\",\"@graph\":[{\"@type\":\"WebPage\",\"@id\":\"https:\/\/vinarijamilicevic.rs\/product\/merlot-vladavina-icone\/\",\"url\":\"https:\/\/vinarijamilicevic.rs\/product\/merlot-vladavina-icone\/\",\"name\":\"Vladavina Merlot Icone - Vinarija Mili\u0107evi\u0107\",\"isPartOf\":{\"@id\":\"https:\/\/vinarijamilicevic.rs\/#website\"},\"primaryImageOfPage\":{\"@id\":\"https:\/\/vinarijamilicevic.rs\/product\/merlot-vladavina-icone\/#primaryimage\"},\"image\":{\"@id\":\"https:\/\/vinarijamilicevic.rs\/product\/merlot-vladavina-icone\/#primaryimage\"},\"thumbnailUrl\":\"https:\/\/vinarijamilicevic.rs\/wp-content\/uploads\/2025\/10\/VLADAVINA-ICONE.png\",\"datePublished\":\"2025-10-21T12:31:52+00:00\",\"dateModified\":\"2025-12-25T15:07:07+00:00\",\"description\":\"Miris vina je veoma rasko\u0161an, na mirisu podse\u0107a na \u010dokoladu, kupinu i suvo za\u010dinsko bilje. Ukus vina je veoma bogat i intenzivan, kompleksan sa velikom elegancijom i ravnote\u017eom.\",\"breadcrumb\":{\"@id\":\"https:\/\/vinarijamilicevic.rs\/product\/merlot-vladavina-icone\/#breadcrumb\"},\"inLanguage\":\"en-US\",\"potentialAction\":[{\"@type\":\"ReadAction\",\"target\":[\"https:\/\/vinarijamilicevic.rs\/product\/merlot-vladavina-icone\/\"]}]},{\"@type\":\"ImageObject\",\"inLanguage\":\"en-US\",\"@id\":\"https:\/\/vinarijamilicevic.rs\/product\/merlot-vladavina-icone\/#primaryimage\",\"url\":\"https:\/\/vinarijamilicevic.rs\/wp-content\/uploads\/2025\/10\/VLADAVINA-ICONE.png\",\"contentUrl\":\"https:\/\/vinarijamilicevic.rs\/wp-content\/uploads\/2025\/10\/VLADAVINA-ICONE.png\",\"width\":1200,\"height\":1200,\"caption\":\"Vladavina Icone\"},{\"@type\":\"BreadcrumbList\",\"@id\":\"https:\/\/vinarijamilicevic.rs\/product\/merlot-vladavina-icone\/#breadcrumb\",\"itemListElement\":[{\"@type\":\"ListItem\",\"position\":1,\"name\":\"Home\",\"item\":\"https:\/\/vinarijamilicevic.rs\/\"},{\"@type\":\"ListItem\",\"position\":2,\"name\":\"Vinarija Milicevic Vina\",\"item\":\"https:\/\/vinarijamilicevic.rs\/vinarijamilicevic-rs-nasa-vina\/\"},{\"@type\":\"ListItem\",\"position\":3,\"name\":\"VladavinaMerlot Icone\"}]},{\"@type\":\"WebSite\",\"@id\":\"https:\/\/vinarijamilicevic.rs\/#website\",\"url\":\"https:\/\/vinarijamilicevic.rs\/\",\"name\":\"Vinarija Mili\u0107evi\u0107\",\"description\":\"\",\"publisher\":{\"@id\":\"https:\/\/vinarijamilicevic.rs\/#organization\"},\"potentialAction\":[{\"@type\":\"SearchAction\",\"target\":{\"@type\":\"EntryPoint\",\"urlTemplate\":\"https:\/\/vinarijamilicevic.rs\/?s={search_term_string}\"},\"query-input\":{\"@type\":\"PropertyValueSpecification\",\"valueRequired\":true,\"valueName\":\"search_term_string\"}}],\"inLanguage\":\"en-US\"},{\"@type\":\"Organization\",\"@id\":\"https:\/\/vinarijamilicevic.rs\/#organization\",\"name\":\"Vinarija Mili\u0107evi\u0107\",\"url\":\"https:\/\/vinarijamilicevic.rs\/\",\"logo\":{\"@type\":\"ImageObject\",\"inLanguage\":\"en-US\",\"@id\":\"https:\/\/vinarijamilicevic.rs\/#\/schema\/logo\/image\/\",\"url\":\"https:\/\/vinarijamilicevic.rs\/wp-content\/uploads\/2025\/10\/cropped-logo-2.png\",\"contentUrl\":\"https:\/\/vinarijamilicevic.rs\/wp-content\/uploads\/2025\/10\/cropped-logo-2.png\",\"width\":249,\"height\":108,\"caption\":\"Vinarija Mili\u0107evi\u0107\"},\"image\":{\"@id\":\"https:\/\/vinarijamilicevic.rs\/#\/schema\/logo\/image\/\"},\"sameAs\":[\"https:\/\/www.instagram.com\/vinarijamilicevic\/\"]}]}<\/script>\n<!-- \/ Yoast SEO plugin. -->","yoast_head_json":{"title":"VladavinaMerlot Icone - Vinarija Mili\u0107evi\u0107","description":"Miris vina je veoma rasko\u0161an, na mirisu podse\u0107a na \u010dokoladu, kupinu i suvo za\u010dinsko bilje. Ukus vina je veoma bogat i intenzivan, kompleksan sa velikom elegancijom i ravnote\u017eom.","robots":{"index":"index","follow":"follow","max-snippet":"max-snippet:-1","max-image-preview":"max-image-preview:large","max-video-preview":"max-video-preview:-1"},"canonical":"https:\/\/vinarijamilicevic.rs\/en\/product\/merlot-vladavina-icone\/","og_locale":"en_US","og_type":"article","og_title":"VladavinaMerlot Icone - Vinarija Mili\u0107evi\u0107","og_description":"Miris vina je veoma rasko\u0161an, na mirisu podse\u0107a na \u010dokoladu, kupinu i suvo za\u010dinsko bilje. Ukus vina je veoma bogat i intenzivan, kompleksan sa velikom elegancijom i ravnote\u017eom.","og_url":"https:\/\/vinarijamilicevic.rs\/en\/product\/merlot-vladavina-icone\/","og_site_name":"Vinarija Mili\u0107evi\u0107","article_publisher":"https:\/\/www.instagram.com\/vinarijamilicevic\/","article_modified_time":"2025-12-25T15:07:07+00:00","og_image":[{"width":1200,"height":1200,"url":"http:\/\/vinarijamilicevic.rs\/wp-content\/uploads\/2025\/10\/VLADAVINA-ICONE.png","type":"image\/png"}],"twitter_card":"summary_large_image","twitter_misc":{"Est. reading time":"1 minute"},"schema":{"@context":"https:\/\/schema.org","@graph":[{"@type":"WebPage","@id":"https:\/\/vinarijamilicevic.rs\/product\/merlot-vladavina-icone\/","url":"https:\/\/vinarijamilicevic.rs\/product\/merlot-vladavina-icone\/","name":"Vladavina Merlot Icone - Vinarija Mili\u0107evi\u0107","isPartOf":{"@id":"https:\/\/vinarijamilicevic.rs\/#website"},"primaryImageOfPage":{"@id":"https:\/\/vinarijamilicevic.rs\/product\/merlot-vladavina-icone\/#primaryimage"},"image":{"@id":"https:\/\/vinarijamilicevic.rs\/product\/merlot-vladavina-icone\/#primaryimage"},"thumbnailUrl":"https:\/\/vinarijamilicevic.rs\/wp-content\/uploads\/2025\/10\/VLADAVINA-ICONE.png","datePublished":"2025-10-21T12:31:52+00:00","dateModified":"2025-12-25T15:07:07+00:00","description":"Miris vina je veoma rasko\u0161an, na mirisu podse\u0107a na \u010dokoladu, kupinu i suvo za\u010dinsko bilje. Ukus vina je veoma bogat i intenzivan, kompleksan sa velikom elegancijom i ravnote\u017eom.","breadcrumb":{"@id":"https:\/\/vinarijamilicevic.rs\/product\/merlot-vladavina-icone\/#breadcrumb"},"inLanguage":"en-US","potentialAction":[{"@type":"ReadAction","target":["https:\/\/vinarijamilicevic.rs\/product\/merlot-vladavina-icone\/"]}]},{"@type":"ImageObject","inLanguage":"en-US","@id":"https:\/\/vinarijamilicevic.rs\/product\/merlot-vladavina-icone\/#primaryimage","url":"https:\/\/vinarijamilicevic.rs\/wp-content\/uploads\/2025\/10\/VLADAVINA-ICONE.png","contentUrl":"https:\/\/vinarijamilicevic.rs\/wp-content\/uploads\/2025\/10\/VLADAVINA-ICONE.png","width":1200,"height":1200,"caption":"Vladavina Icone"},{"@type":"BreadcrumbList","@id":"https:\/\/vinarijamilicevic.rs\/product\/merlot-vladavina-icone\/#breadcrumb","itemListElement":[{"@type":"ListItem","position":1,"name":"Home","item":"https:\/\/vinarijamilicevic.rs\/"},{"@type":"ListItem","position":2,"name":"Vinarija Milicevic Vina","item":"https:\/\/vinarijamilicevic.rs\/vinarijamilicevic-rs-nasa-vina\/"},{"@type":"ListItem","position":3,"name":"VladavinaMerlot Icone"}]},{"@type":"WebSite","@id":"https:\/\/vinarijamilicevic.rs\/#website","url":"https:\/\/vinarijamilicevic.rs\/","name":"Mili\u0107evi\u0107 Winery","description":"","publisher":{"@id":"https:\/\/vinarijamilicevic.rs\/#organization"},"potentialAction":[{"@type":"SearchAction","target":{"@type":"EntryPoint","urlTemplate":"https:\/\/vinarijamilicevic.rs\/?s={search_term_string}"},"query-input":{"@type":"PropertyValueSpecification","valueRequired":true,"valueName":"search_term_string"}}],"inLanguage":"en-US"},{"@type":"Organization","@id":"https:\/\/vinarijamilicevic.rs\/#organization","name":"Mili\u0107evi\u0107 Winery","url":"https:\/\/vinarijamilicevic.rs\/","logo":{"@type":"ImageObject","inLanguage":"en-US","@id":"https:\/\/vinarijamilicevic.rs\/#\/schema\/logo\/image\/","url":"https:\/\/vinarijamilicevic.rs\/wp-content\/uploads\/2025\/10\/cropped-logo-2.png","contentUrl":"https:\/\/vinarijamilicevic.rs\/wp-content\/uploads\/2025\/10\/cropped-logo-2.png","width":249,"height":108,"caption":"Vinarija Mili\u0107evi\u0107"},"image":{"@id":"https:\/\/vinarijamilicevic.rs\/#\/schema\/logo\/image\/"},"sameAs":["https:\/\/www.instagram.com\/vinarijamilicevic\/"]}]}},"_links":{"self":[{"href":"https:\/\/vinarijamilicevic.rs\/en\/wp-json\/wp\/v2\/product\/463","targetHints":{"allow":["GET"]}}],"collection":[{"href":"https:\/\/vinarijamilicevic.rs\/en\/wp-json\/wp\/v2\/product"}],"about":[{"href":"https:\/\/vinarijamilicevic.rs\/en\/wp-json\/wp\/v2\/types\/product"}],"replies":[{"embeddable":true,"href":"https:\/\/vinarijamilicevic.rs\/en\/wp-json\/wp\/v2\/comments?post=463"}],"wp:featuredmedia":[{"embeddable":true,"href":"https:\/\/vinarijamilicevic.rs\/en\/wp-json\/wp\/v2\/media\/621"}],"wp:attachment":[{"href":"https:\/\/vinarijamilicevic.rs\/en\/wp-json\/wp\/v2\/media?parent=463"}],"wp:term":[{"taxonomy":"product_brand","embeddable":true,"href":"https:\/\/vinarijamilicevic.rs\/en\/wp-json\/wp\/v2\/product_brand?post=463"},{"taxonomy":"product_cat","embeddable":true,"href":"https:\/\/vinarijamilicevic.rs\/en\/wp-json\/wp\/v2\/product_cat?post=463"},{"taxonomy":"product_tag","embeddable":true,"href":"https:\/\/vinarijamilicevic.rs\/en\/wp-json\/wp\/v2\/product_tag?post=463"}],"curies":[{"name":"wp","href":"https:\/\/api.w.org\/{rel}","templated":true}]}}