{"id":624,"date":"2025-10-22T15:37:19","date_gmt":"2025-10-22T15:37:19","guid":{"rendered":"https:\/\/vinarijamilicevic.rs\/?post_type=product&#038;p=624"},"modified":"2025-12-28T16:11:43","modified_gmt":"2025-12-28T16:11:43","slug":"vladavina-riesling","status":"publish","type":"product","link":"https:\/\/vinarijamilicevic.rs\/en\/product\/vladavina-riesling\/","title":{"rendered":"Vladavina<br>Riesling"},"content":{"rendered":"","protected":false},"excerpt":{"rendered":"<p class=\"yiv0702576702MsoNormal\">Na mirisu dominiraju citrusi, zelena jabuka, \u0111umbir, nijansa kajsije i ananasa. Ukus vina je na suve jabuke i suve kru\u0161ke, dugotrajan je i posebno isti\u010de ovo vino.<\/p>\n<p class=\"yiv0702576702MsoNormal\">Konzumiranje se preporu\u010duje uz sve vrste salata, sve\u017ee i obrok salate, uz morske specijalitete, grilovana bela mesa\u2026<\/p>\n<p class=\"yiv0702576702MsoNormal\">Odle\u017eavanje u boci je po\u017eeljno i preporu\u010duje se.<\/p>\n<p class=\"yiv0702576702MsoNormal\"><strong>Temperatura slu\u017eenja je<\/strong> 10 \u2013 12\u00a0<b>\u00b0<\/b>C.<\/p>\n<p class=\"yiv0702576702MsoNormal\"><strong>Riesling 2024<\/strong><\/p>\n<p class=\"yiv0702576702MsoNormal\"><strong>AWC Vienna 2024. srebrna medalja<\/strong><br \/>\n<strong>Balkan International Competition 2025. bronzana medalja<\/strong><br \/>\n<strong>AWC Vienna 2025. srebrna medalja<\/strong><\/p>\n<p>&nbsp;<\/p>","protected":false},"featured_media":716,"comment_status":"open","ping_status":"closed","template":"","meta":{"_acf_changed":false},"product_brand":[],"product_cat":[26],"product_tag":[],"class_list":{"0":"post-624","1":"product","2":"type-product","3":"status-publish","4":"has-post-thumbnail","6":"product_cat-uncategorized","8":"first","9":"instock","10":"shipping-taxable","11":"product-type-simple"},"acf":[],"yoast_head":"<!-- This site is optimized with the Yoast SEO plugin v27.1.1 - https:\/\/yoast.com\/product\/yoast-seo-wordpress\/ -->\n<title>VladavinaRiesling - Vinarija Mili\u0107evi\u0107<\/title>\n<meta name=\"description\" content=\"Ukus vina je na suve jabuke i suve kru\u0161ke, dugotrajan je i posebno isti\u010de ovo vino.Konzumiranje se preporu\u010duje uz sve vrste salata, sve\u017ee i obrok salate, uz morske specijalitete, grilovana bela mesa\" \/>\n<meta name=\"robots\" content=\"index, follow, max-snippet:-1, max-image-preview:large, max-video-preview:-1\" \/>\n<link rel=\"canonical\" href=\"https:\/\/vinarijamilicevic.rs\/en\/product\/vladavina-riesling\/\" \/>\n<meta property=\"og:locale\" content=\"en_US\" \/>\n<meta property=\"og:type\" content=\"article\" \/>\n<meta property=\"og:title\" content=\"VladavinaRiesling - Vinarija Mili\u0107evi\u0107\" \/>\n<meta property=\"og:description\" content=\"Ukus vina je na suve jabuke i suve kru\u0161ke, dugotrajan je i posebno isti\u010de ovo vino.Konzumiranje se preporu\u010duje uz sve vrste salata, sve\u017ee i obrok salate, uz morske specijalitete, grilovana bela mesa\" \/>\n<meta property=\"og:url\" content=\"https:\/\/vinarijamilicevic.rs\/en\/product\/vladavina-riesling\/\" \/>\n<meta property=\"og:site_name\" content=\"Vinarija Mili\u0107evi\u0107\" \/>\n<meta property=\"article:publisher\" content=\"https:\/\/www.instagram.com\/vinarijamilicevic\/\" \/>\n<meta property=\"article:modified_time\" content=\"2025-12-28T16:11:43+00:00\" \/>\n<meta property=\"og:image\" content=\"http:\/\/vinarijamilicevic.rs\/wp-content\/uploads\/2025\/10\/Vladavina-Riesling.png\" \/>\n\t<meta property=\"og:image:width\" content=\"1024\" \/>\n\t<meta property=\"og:image:height\" content=\"1024\" \/>\n\t<meta property=\"og:image:type\" content=\"image\/png\" \/>\n<meta name=\"twitter:card\" content=\"summary_large_image\" \/>\n<meta name=\"twitter:label1\" content=\"Est. reading time\" \/>\n\t<meta name=\"twitter:data1\" content=\"1 minute\" \/>\n<script type=\"application\/ld+json\" class=\"yoast-schema-graph\">{\"@context\":\"https:\/\/schema.org\",\"@graph\":[{\"@type\":\"WebPage\",\"@id\":\"https:\/\/vinarijamilicevic.rs\/product\/vladavina-riesling\/\",\"url\":\"https:\/\/vinarijamilicevic.rs\/product\/vladavina-riesling\/\",\"name\":\"Vladavina Riesling - Vinarija Mili\u0107evi\u0107\",\"isPartOf\":{\"@id\":\"https:\/\/vinarijamilicevic.rs\/#website\"},\"primaryImageOfPage\":{\"@id\":\"https:\/\/vinarijamilicevic.rs\/product\/vladavina-riesling\/#primaryimage\"},\"image\":{\"@id\":\"https:\/\/vinarijamilicevic.rs\/product\/vladavina-riesling\/#primaryimage\"},\"thumbnailUrl\":\"https:\/\/vinarijamilicevic.rs\/wp-content\/uploads\/2025\/10\/Vladavina-Riesling.png\",\"datePublished\":\"2025-10-22T15:37:19+00:00\",\"dateModified\":\"2025-12-28T16:11:43+00:00\",\"description\":\"Ukus vina je na suve jabuke i suve kru\u0161ke, dugotrajan je i posebno isti\u010de ovo vino.Konzumiranje se preporu\u010duje uz sve vrste salata, sve\u017ee i obrok salate, uz morske specijalitete, grilovana bela mesa\",\"breadcrumb\":{\"@id\":\"https:\/\/vinarijamilicevic.rs\/product\/vladavina-riesling\/#breadcrumb\"},\"inLanguage\":\"en-US\",\"potentialAction\":[{\"@type\":\"ReadAction\",\"target\":[\"https:\/\/vinarijamilicevic.rs\/product\/vladavina-riesling\/\"]}]},{\"@type\":\"ImageObject\",\"inLanguage\":\"en-US\",\"@id\":\"https:\/\/vinarijamilicevic.rs\/product\/vladavina-riesling\/#primaryimage\",\"url\":\"https:\/\/vinarijamilicevic.rs\/wp-content\/uploads\/2025\/10\/Vladavina-Riesling.png\",\"contentUrl\":\"https:\/\/vinarijamilicevic.rs\/wp-content\/uploads\/2025\/10\/Vladavina-Riesling.png\",\"width\":1024,\"height\":1024,\"caption\":\"Vladavina Riesling\"},{\"@type\":\"BreadcrumbList\",\"@id\":\"https:\/\/vinarijamilicevic.rs\/product\/vladavina-riesling\/#breadcrumb\",\"itemListElement\":[{\"@type\":\"ListItem\",\"position\":1,\"name\":\"Home\",\"item\":\"https:\/\/vinarijamilicevic.rs\/\"},{\"@type\":\"ListItem\",\"position\":2,\"name\":\"Vinarija Milicevic Vina\",\"item\":\"https:\/\/vinarijamilicevic.rs\/vinarijamilicevic-rs-nasa-vina\/\"},{\"@type\":\"ListItem\",\"position\":3,\"name\":\"VladavinaRiesling\"}]},{\"@type\":\"WebSite\",\"@id\":\"https:\/\/vinarijamilicevic.rs\/#website\",\"url\":\"https:\/\/vinarijamilicevic.rs\/\",\"name\":\"Vinarija Mili\u0107evi\u0107\",\"description\":\"\",\"publisher\":{\"@id\":\"https:\/\/vinarijamilicevic.rs\/#organization\"},\"potentialAction\":[{\"@type\":\"SearchAction\",\"target\":{\"@type\":\"EntryPoint\",\"urlTemplate\":\"https:\/\/vinarijamilicevic.rs\/?s={search_term_string}\"},\"query-input\":{\"@type\":\"PropertyValueSpecification\",\"valueRequired\":true,\"valueName\":\"search_term_string\"}}],\"inLanguage\":\"en-US\"},{\"@type\":\"Organization\",\"@id\":\"https:\/\/vinarijamilicevic.rs\/#organization\",\"name\":\"Vinarija Mili\u0107evi\u0107\",\"url\":\"https:\/\/vinarijamilicevic.rs\/\",\"logo\":{\"@type\":\"ImageObject\",\"inLanguage\":\"en-US\",\"@id\":\"https:\/\/vinarijamilicevic.rs\/#\/schema\/logo\/image\/\",\"url\":\"https:\/\/vinarijamilicevic.rs\/wp-content\/uploads\/2025\/10\/cropped-logo-2.png\",\"contentUrl\":\"https:\/\/vinarijamilicevic.rs\/wp-content\/uploads\/2025\/10\/cropped-logo-2.png\",\"width\":249,\"height\":108,\"caption\":\"Vinarija Mili\u0107evi\u0107\"},\"image\":{\"@id\":\"https:\/\/vinarijamilicevic.rs\/#\/schema\/logo\/image\/\"},\"sameAs\":[\"https:\/\/www.instagram.com\/vinarijamilicevic\/\"]}]}<\/script>\n<!-- \/ Yoast SEO plugin. -->","yoast_head_json":{"title":"VladavinaRiesling - Vinarija Mili\u0107evi\u0107","description":"Ukus vina je na suve jabuke i suve kru\u0161ke, dugotrajan je i posebno isti\u010de ovo vino.Konzumiranje se preporu\u010duje uz sve vrste salata, sve\u017ee i obrok salate, uz morske specijalitete, grilovana bela mesa","robots":{"index":"index","follow":"follow","max-snippet":"max-snippet:-1","max-image-preview":"max-image-preview:large","max-video-preview":"max-video-preview:-1"},"canonical":"https:\/\/vinarijamilicevic.rs\/en\/product\/vladavina-riesling\/","og_locale":"en_US","og_type":"article","og_title":"VladavinaRiesling - Vinarija Mili\u0107evi\u0107","og_description":"Ukus vina je na suve jabuke i suve kru\u0161ke, dugotrajan je i posebno isti\u010de ovo vino.Konzumiranje se preporu\u010duje uz sve vrste salata, sve\u017ee i obrok salate, uz morske specijalitete, grilovana bela mesa","og_url":"https:\/\/vinarijamilicevic.rs\/en\/product\/vladavina-riesling\/","og_site_name":"Vinarija Mili\u0107evi\u0107","article_publisher":"https:\/\/www.instagram.com\/vinarijamilicevic\/","article_modified_time":"2025-12-28T16:11:43+00:00","og_image":[{"width":1024,"height":1024,"url":"http:\/\/vinarijamilicevic.rs\/wp-content\/uploads\/2025\/10\/Vladavina-Riesling.png","type":"image\/png"}],"twitter_card":"summary_large_image","twitter_misc":{"Est. reading time":"1 minute"},"schema":{"@context":"https:\/\/schema.org","@graph":[{"@type":"WebPage","@id":"https:\/\/vinarijamilicevic.rs\/product\/vladavina-riesling\/","url":"https:\/\/vinarijamilicevic.rs\/product\/vladavina-riesling\/","name":"Vladavina Riesling - Vinarija Mili\u0107evi\u0107","isPartOf":{"@id":"https:\/\/vinarijamilicevic.rs\/#website"},"primaryImageOfPage":{"@id":"https:\/\/vinarijamilicevic.rs\/product\/vladavina-riesling\/#primaryimage"},"image":{"@id":"https:\/\/vinarijamilicevic.rs\/product\/vladavina-riesling\/#primaryimage"},"thumbnailUrl":"https:\/\/vinarijamilicevic.rs\/wp-content\/uploads\/2025\/10\/Vladavina-Riesling.png","datePublished":"2025-10-22T15:37:19+00:00","dateModified":"2025-12-28T16:11:43+00:00","description":"Ukus vina je na suve jabuke i suve kru\u0161ke, dugotrajan je i posebno isti\u010de ovo vino.Konzumiranje se preporu\u010duje uz sve vrste salata, sve\u017ee i obrok salate, uz morske specijalitete, grilovana bela mesa","breadcrumb":{"@id":"https:\/\/vinarijamilicevic.rs\/product\/vladavina-riesling\/#breadcrumb"},"inLanguage":"en-US","potentialAction":[{"@type":"ReadAction","target":["https:\/\/vinarijamilicevic.rs\/product\/vladavina-riesling\/"]}]},{"@type":"ImageObject","inLanguage":"en-US","@id":"https:\/\/vinarijamilicevic.rs\/product\/vladavina-riesling\/#primaryimage","url":"https:\/\/vinarijamilicevic.rs\/wp-content\/uploads\/2025\/10\/Vladavina-Riesling.png","contentUrl":"https:\/\/vinarijamilicevic.rs\/wp-content\/uploads\/2025\/10\/Vladavina-Riesling.png","width":1024,"height":1024,"caption":"Vladavina Riesling"},{"@type":"BreadcrumbList","@id":"https:\/\/vinarijamilicevic.rs\/product\/vladavina-riesling\/#breadcrumb","itemListElement":[{"@type":"ListItem","position":1,"name":"Home","item":"https:\/\/vinarijamilicevic.rs\/"},{"@type":"ListItem","position":2,"name":"Vinarija Milicevic Vina","item":"https:\/\/vinarijamilicevic.rs\/vinarijamilicevic-rs-nasa-vina\/"},{"@type":"ListItem","position":3,"name":"VladavinaRiesling"}]},{"@type":"WebSite","@id":"https:\/\/vinarijamilicevic.rs\/#website","url":"https:\/\/vinarijamilicevic.rs\/","name":"Mili\u0107evi\u0107 Winery","description":"","publisher":{"@id":"https:\/\/vinarijamilicevic.rs\/#organization"},"potentialAction":[{"@type":"SearchAction","target":{"@type":"EntryPoint","urlTemplate":"https:\/\/vinarijamilicevic.rs\/?s={search_term_string}"},"query-input":{"@type":"PropertyValueSpecification","valueRequired":true,"valueName":"search_term_string"}}],"inLanguage":"en-US"},{"@type":"Organization","@id":"https:\/\/vinarijamilicevic.rs\/#organization","name":"Mili\u0107evi\u0107 Winery","url":"https:\/\/vinarijamilicevic.rs\/","logo":{"@type":"ImageObject","inLanguage":"en-US","@id":"https:\/\/vinarijamilicevic.rs\/#\/schema\/logo\/image\/","url":"https:\/\/vinarijamilicevic.rs\/wp-content\/uploads\/2025\/10\/cropped-logo-2.png","contentUrl":"https:\/\/vinarijamilicevic.rs\/wp-content\/uploads\/2025\/10\/cropped-logo-2.png","width":249,"height":108,"caption":"Vinarija Mili\u0107evi\u0107"},"image":{"@id":"https:\/\/vinarijamilicevic.rs\/#\/schema\/logo\/image\/"},"sameAs":["https:\/\/www.instagram.com\/vinarijamilicevic\/"]}]}},"_links":{"self":[{"href":"https:\/\/vinarijamilicevic.rs\/en\/wp-json\/wp\/v2\/product\/624","targetHints":{"allow":["GET"]}}],"collection":[{"href":"https:\/\/vinarijamilicevic.rs\/en\/wp-json\/wp\/v2\/product"}],"about":[{"href":"https:\/\/vinarijamilicevic.rs\/en\/wp-json\/wp\/v2\/types\/product"}],"replies":[{"embeddable":true,"href":"https:\/\/vinarijamilicevic.rs\/en\/wp-json\/wp\/v2\/comments?post=624"}],"wp:featuredmedia":[{"embeddable":true,"href":"https:\/\/vinarijamilicevic.rs\/en\/wp-json\/wp\/v2\/media\/716"}],"wp:attachment":[{"href":"https:\/\/vinarijamilicevic.rs\/en\/wp-json\/wp\/v2\/media?parent=624"}],"wp:term":[{"taxonomy":"product_brand","embeddable":true,"href":"https:\/\/vinarijamilicevic.rs\/en\/wp-json\/wp\/v2\/product_brand?post=624"},{"taxonomy":"product_cat","embeddable":true,"href":"https:\/\/vinarijamilicevic.rs\/en\/wp-json\/wp\/v2\/product_cat?post=624"},{"taxonomy":"product_tag","embeddable":true,"href":"https:\/\/vinarijamilicevic.rs\/en\/wp-json\/wp\/v2\/product_tag?post=624"}],"curies":[{"name":"wp","href":"https:\/\/api.w.org\/{rel}","templated":true}]}}