{"id":701,"date":"2025-12-25T14:41:02","date_gmt":"2025-12-25T14:41:02","guid":{"rendered":"https:\/\/vinarijamilicevic.rs\/?post_type=product&#038;p=701"},"modified":"2025-12-28T16:07:59","modified_gmt":"2025-12-28T16:07:59","slug":"cabernet-sauvignon-classic","status":"publish","type":"product","link":"https:\/\/vinarijamilicevic.rs\/en\/product\/cabernet-sauvignon-classic\/","title":{"rendered":"Vladavina Cabernet Sauvignon Classic"},"content":{"rendered":"","protected":false},"excerpt":{"rendered":"<p class=\"yiv5755541578MsoNormal\">Ovo vino je prava simfonija mirisa i ukusa, koja zaranja u duboku i uvodi nas u bogatu paletu senzacija. Na mirisu se ose\u0107aju akcent \u0161umskog vo\u0107a, sa so\u010dnim tonovima kupina i borovnice, dok suptilna nota le\u0161nika i vanile upotpunjuje meko\u0107u i eleganciju.<\/p>\n<p class=\"yiv5755541578MsoNormal\">Savr\u0161eno se sla\u017ee sa jelima poput odreska sa ro\u0161tilja, pe\u010denog jagnje\u0107eg buta ili odreska u sosu od crnog vina. Tvr\u0111i sirevi poput \u010dedara-a ili parmezana pru\u017eaju harmoni\u010dan spoj sa njegovom intenzivnom strukturom.<\/p>\n<p class=\"yiv5755541578MsoNormal\">Dobro se sla\u017ee sa za\u010dinjenim jelima\u00a0 poput svinjskih rebara na ro\u0161tilju ili mesom u terijaki sosu, gde vo\u0107ni karakter vina dovodi do izbalansiranog ukusa s dimljenim i za\u010dinskim notama.<\/p>\n<p class=\"yiv5755541578MsoNormal\">Vino je odle\u017ealo 12 meseci u najkvalitetnijim novim buradima od francuskog hrasta (Seguin Moreau).<\/p>\n<p class=\"yiv5755541578MsoNormal\"><strong>Temperatura slu\u017eenja<\/strong> je 18<b>\u00a0<\/b><b>\u00b0<\/b>C.<\/p>\n<p class=\"yiv5755541578MsoNormal\"><strong>Cabernet Sauvignon Classic 2024<\/strong><\/p>\n<p class=\"yiv5755541578MsoNormal\"><strong>Balkan International Wine Competition 2025, srebrna medalja<\/strong><\/p>\n<p class=\"yiv5755541578MsoNormal\"><strong>AWC Vienna 2025, srebrna medalja<\/strong><\/p>","protected":false},"featured_media":714,"comment_status":"open","ping_status":"closed","template":"","meta":{"_acf_changed":false},"product_brand":[],"product_cat":[26],"product_tag":[],"class_list":{"0":"post-701","1":"product","2":"type-product","3":"status-publish","4":"has-post-thumbnail","6":"product_cat-uncategorized","8":"first","9":"instock","10":"shipping-taxable","11":"product-type-simple"},"acf":[],"yoast_head":"<!-- This site is optimized with the Yoast SEO plugin v27.1.1 - https:\/\/yoast.com\/product\/yoast-seo-wordpress\/ -->\n<title>Vladavina Cabernet Sauvignon Classic - Vinarija Mili\u0107evi\u0107<\/title>\n<meta name=\"description\" content=\"Na mirisu se ose\u0107aju akcent \u0161umskog vo\u0107a, sa so\u010dnim tonovima kupina i borovnice, dok suptilna nota le\u0161nika i vanile upotpunjuje meko\u0107u i eleganciju.\" \/>\n<meta name=\"robots\" content=\"index, follow, max-snippet:-1, max-image-preview:large, max-video-preview:-1\" \/>\n<link rel=\"canonical\" href=\"https:\/\/vinarijamilicevic.rs\/en\/product\/cabernet-sauvignon-classic\/\" \/>\n<meta property=\"og:locale\" content=\"en_US\" \/>\n<meta property=\"og:type\" content=\"article\" \/>\n<meta property=\"og:title\" content=\"Vladavina Cabernet Sauvignon Classic - Vinarija Mili\u0107evi\u0107\" \/>\n<meta property=\"og:description\" content=\"Na mirisu se ose\u0107aju akcent \u0161umskog vo\u0107a, sa so\u010dnim tonovima kupina i borovnice, dok suptilna nota le\u0161nika i vanile upotpunjuje meko\u0107u i eleganciju.\" \/>\n<meta property=\"og:url\" content=\"https:\/\/vinarijamilicevic.rs\/en\/product\/cabernet-sauvignon-classic\/\" \/>\n<meta property=\"og:site_name\" content=\"Vinarija Mili\u0107evi\u0107\" \/>\n<meta property=\"article:publisher\" content=\"https:\/\/www.instagram.com\/vinarijamilicevic\/\" \/>\n<meta property=\"article:modified_time\" content=\"2025-12-28T16:07:59+00:00\" \/>\n<meta property=\"og:image\" content=\"http:\/\/vinarijamilicevic.rs\/wp-content\/uploads\/2025\/12\/Vladavina-Cabernet-Sauvignon-Classic.png\" \/>\n\t<meta property=\"og:image:width\" content=\"1024\" \/>\n\t<meta property=\"og:image:height\" content=\"1024\" \/>\n\t<meta property=\"og:image:type\" content=\"image\/png\" \/>\n<meta name=\"twitter:card\" content=\"summary_large_image\" \/>\n<meta name=\"twitter:label1\" content=\"Est. reading time\" \/>\n\t<meta name=\"twitter:data1\" content=\"1 minute\" \/>\n<script type=\"application\/ld+json\" class=\"yoast-schema-graph\">{\"@context\":\"https:\/\/schema.org\",\"@graph\":[{\"@type\":\"WebPage\",\"@id\":\"https:\/\/vinarijamilicevic.rs\/product\/cabernet-sauvignon-classic\/\",\"url\":\"https:\/\/vinarijamilicevic.rs\/product\/cabernet-sauvignon-classic\/\",\"name\":\"Vladavina Cabernet Sauvignon Classic - Vinarija Mili\u0107evi\u0107\",\"isPartOf\":{\"@id\":\"https:\/\/vinarijamilicevic.rs\/#website\"},\"primaryImageOfPage\":{\"@id\":\"https:\/\/vinarijamilicevic.rs\/product\/cabernet-sauvignon-classic\/#primaryimage\"},\"image\":{\"@id\":\"https:\/\/vinarijamilicevic.rs\/product\/cabernet-sauvignon-classic\/#primaryimage\"},\"thumbnailUrl\":\"https:\/\/vinarijamilicevic.rs\/wp-content\/uploads\/2025\/12\/Vladavina-Cabernet-Sauvignon-Classic.png\",\"datePublished\":\"2025-12-25T14:41:02+00:00\",\"dateModified\":\"2025-12-28T16:07:59+00:00\",\"description\":\"Na mirisu se ose\u0107aju akcent \u0161umskog vo\u0107a, sa so\u010dnim tonovima kupina i borovnice, dok suptilna nota le\u0161nika i vanile upotpunjuje meko\u0107u i eleganciju.\",\"breadcrumb\":{\"@id\":\"https:\/\/vinarijamilicevic.rs\/product\/cabernet-sauvignon-classic\/#breadcrumb\"},\"inLanguage\":\"en-US\",\"potentialAction\":[{\"@type\":\"ReadAction\",\"target\":[\"https:\/\/vinarijamilicevic.rs\/product\/cabernet-sauvignon-classic\/\"]}]},{\"@type\":\"ImageObject\",\"inLanguage\":\"en-US\",\"@id\":\"https:\/\/vinarijamilicevic.rs\/product\/cabernet-sauvignon-classic\/#primaryimage\",\"url\":\"https:\/\/vinarijamilicevic.rs\/wp-content\/uploads\/2025\/12\/Vladavina-Cabernet-Sauvignon-Classic.png\",\"contentUrl\":\"https:\/\/vinarijamilicevic.rs\/wp-content\/uploads\/2025\/12\/Vladavina-Cabernet-Sauvignon-Classic.png\",\"width\":1024,\"height\":1024,\"caption\":\"Vladavina Cabernet Sauvignon Classic\"},{\"@type\":\"BreadcrumbList\",\"@id\":\"https:\/\/vinarijamilicevic.rs\/product\/cabernet-sauvignon-classic\/#breadcrumb\",\"itemListElement\":[{\"@type\":\"ListItem\",\"position\":1,\"name\":\"Home\",\"item\":\"https:\/\/vinarijamilicevic.rs\/\"},{\"@type\":\"ListItem\",\"position\":2,\"name\":\"Vinarija Milicevic Vina\",\"item\":\"https:\/\/vinarijamilicevic.rs\/vinarijamilicevic-rs-nasa-vina\/\"},{\"@type\":\"ListItem\",\"position\":3,\"name\":\"Vladavina Cabernet Sauvignon Classic\"}]},{\"@type\":\"WebSite\",\"@id\":\"https:\/\/vinarijamilicevic.rs\/#website\",\"url\":\"https:\/\/vinarijamilicevic.rs\/\",\"name\":\"Vinarija Mili\u0107evi\u0107\",\"description\":\"\",\"publisher\":{\"@id\":\"https:\/\/vinarijamilicevic.rs\/#organization\"},\"potentialAction\":[{\"@type\":\"SearchAction\",\"target\":{\"@type\":\"EntryPoint\",\"urlTemplate\":\"https:\/\/vinarijamilicevic.rs\/?s={search_term_string}\"},\"query-input\":{\"@type\":\"PropertyValueSpecification\",\"valueRequired\":true,\"valueName\":\"search_term_string\"}}],\"inLanguage\":\"en-US\"},{\"@type\":\"Organization\",\"@id\":\"https:\/\/vinarijamilicevic.rs\/#organization\",\"name\":\"Vinarija Mili\u0107evi\u0107\",\"url\":\"https:\/\/vinarijamilicevic.rs\/\",\"logo\":{\"@type\":\"ImageObject\",\"inLanguage\":\"en-US\",\"@id\":\"https:\/\/vinarijamilicevic.rs\/#\/schema\/logo\/image\/\",\"url\":\"https:\/\/vinarijamilicevic.rs\/wp-content\/uploads\/2025\/10\/cropped-logo-2.png\",\"contentUrl\":\"https:\/\/vinarijamilicevic.rs\/wp-content\/uploads\/2025\/10\/cropped-logo-2.png\",\"width\":249,\"height\":108,\"caption\":\"Vinarija Mili\u0107evi\u0107\"},\"image\":{\"@id\":\"https:\/\/vinarijamilicevic.rs\/#\/schema\/logo\/image\/\"},\"sameAs\":[\"https:\/\/www.instagram.com\/vinarijamilicevic\/\"]}]}<\/script>\n<!-- \/ Yoast SEO plugin. -->","yoast_head_json":{"title":"Vladavina Cabernet Sauvignon Classic - Vinarija Mili\u0107evi\u0107","description":"Na mirisu se ose\u0107aju akcent \u0161umskog vo\u0107a, sa so\u010dnim tonovima kupina i borovnice, dok suptilna nota le\u0161nika i vanile upotpunjuje meko\u0107u i eleganciju.","robots":{"index":"index","follow":"follow","max-snippet":"max-snippet:-1","max-image-preview":"max-image-preview:large","max-video-preview":"max-video-preview:-1"},"canonical":"https:\/\/vinarijamilicevic.rs\/en\/product\/cabernet-sauvignon-classic\/","og_locale":"en_US","og_type":"article","og_title":"Vladavina Cabernet Sauvignon Classic - Vinarija Mili\u0107evi\u0107","og_description":"Na mirisu se ose\u0107aju akcent \u0161umskog vo\u0107a, sa so\u010dnim tonovima kupina i borovnice, dok suptilna nota le\u0161nika i vanile upotpunjuje meko\u0107u i eleganciju.","og_url":"https:\/\/vinarijamilicevic.rs\/en\/product\/cabernet-sauvignon-classic\/","og_site_name":"Vinarija Mili\u0107evi\u0107","article_publisher":"https:\/\/www.instagram.com\/vinarijamilicevic\/","article_modified_time":"2025-12-28T16:07:59+00:00","og_image":[{"width":1024,"height":1024,"url":"http:\/\/vinarijamilicevic.rs\/wp-content\/uploads\/2025\/12\/Vladavina-Cabernet-Sauvignon-Classic.png","type":"image\/png"}],"twitter_card":"summary_large_image","twitter_misc":{"Est. reading time":"1 minute"},"schema":{"@context":"https:\/\/schema.org","@graph":[{"@type":"WebPage","@id":"https:\/\/vinarijamilicevic.rs\/product\/cabernet-sauvignon-classic\/","url":"https:\/\/vinarijamilicevic.rs\/product\/cabernet-sauvignon-classic\/","name":"Vladavina Cabernet Sauvignon Classic - Vinarija Mili\u0107evi\u0107","isPartOf":{"@id":"https:\/\/vinarijamilicevic.rs\/#website"},"primaryImageOfPage":{"@id":"https:\/\/vinarijamilicevic.rs\/product\/cabernet-sauvignon-classic\/#primaryimage"},"image":{"@id":"https:\/\/vinarijamilicevic.rs\/product\/cabernet-sauvignon-classic\/#primaryimage"},"thumbnailUrl":"https:\/\/vinarijamilicevic.rs\/wp-content\/uploads\/2025\/12\/Vladavina-Cabernet-Sauvignon-Classic.png","datePublished":"2025-12-25T14:41:02+00:00","dateModified":"2025-12-28T16:07:59+00:00","description":"Na mirisu se ose\u0107aju akcent \u0161umskog vo\u0107a, sa so\u010dnim tonovima kupina i borovnice, dok suptilna nota le\u0161nika i vanile upotpunjuje meko\u0107u i eleganciju.","breadcrumb":{"@id":"https:\/\/vinarijamilicevic.rs\/product\/cabernet-sauvignon-classic\/#breadcrumb"},"inLanguage":"en-US","potentialAction":[{"@type":"ReadAction","target":["https:\/\/vinarijamilicevic.rs\/product\/cabernet-sauvignon-classic\/"]}]},{"@type":"ImageObject","inLanguage":"en-US","@id":"https:\/\/vinarijamilicevic.rs\/product\/cabernet-sauvignon-classic\/#primaryimage","url":"https:\/\/vinarijamilicevic.rs\/wp-content\/uploads\/2025\/12\/Vladavina-Cabernet-Sauvignon-Classic.png","contentUrl":"https:\/\/vinarijamilicevic.rs\/wp-content\/uploads\/2025\/12\/Vladavina-Cabernet-Sauvignon-Classic.png","width":1024,"height":1024,"caption":"Vladavina Cabernet Sauvignon Classic"},{"@type":"BreadcrumbList","@id":"https:\/\/vinarijamilicevic.rs\/product\/cabernet-sauvignon-classic\/#breadcrumb","itemListElement":[{"@type":"ListItem","position":1,"name":"Home","item":"https:\/\/vinarijamilicevic.rs\/"},{"@type":"ListItem","position":2,"name":"Vinarija Milicevic Vina","item":"https:\/\/vinarijamilicevic.rs\/vinarijamilicevic-rs-nasa-vina\/"},{"@type":"ListItem","position":3,"name":"Vladavina Cabernet Sauvignon Classic"}]},{"@type":"WebSite","@id":"https:\/\/vinarijamilicevic.rs\/#website","url":"https:\/\/vinarijamilicevic.rs\/","name":"Mili\u0107evi\u0107 Winery","description":"","publisher":{"@id":"https:\/\/vinarijamilicevic.rs\/#organization"},"potentialAction":[{"@type":"SearchAction","target":{"@type":"EntryPoint","urlTemplate":"https:\/\/vinarijamilicevic.rs\/?s={search_term_string}"},"query-input":{"@type":"PropertyValueSpecification","valueRequired":true,"valueName":"search_term_string"}}],"inLanguage":"en-US"},{"@type":"Organization","@id":"https:\/\/vinarijamilicevic.rs\/#organization","name":"Mili\u0107evi\u0107 Winery","url":"https:\/\/vinarijamilicevic.rs\/","logo":{"@type":"ImageObject","inLanguage":"en-US","@id":"https:\/\/vinarijamilicevic.rs\/#\/schema\/logo\/image\/","url":"https:\/\/vinarijamilicevic.rs\/wp-content\/uploads\/2025\/10\/cropped-logo-2.png","contentUrl":"https:\/\/vinarijamilicevic.rs\/wp-content\/uploads\/2025\/10\/cropped-logo-2.png","width":249,"height":108,"caption":"Vinarija Mili\u0107evi\u0107"},"image":{"@id":"https:\/\/vinarijamilicevic.rs\/#\/schema\/logo\/image\/"},"sameAs":["https:\/\/www.instagram.com\/vinarijamilicevic\/"]}]}},"_links":{"self":[{"href":"https:\/\/vinarijamilicevic.rs\/en\/wp-json\/wp\/v2\/product\/701","targetHints":{"allow":["GET"]}}],"collection":[{"href":"https:\/\/vinarijamilicevic.rs\/en\/wp-json\/wp\/v2\/product"}],"about":[{"href":"https:\/\/vinarijamilicevic.rs\/en\/wp-json\/wp\/v2\/types\/product"}],"replies":[{"embeddable":true,"href":"https:\/\/vinarijamilicevic.rs\/en\/wp-json\/wp\/v2\/comments?post=701"}],"wp:featuredmedia":[{"embeddable":true,"href":"https:\/\/vinarijamilicevic.rs\/en\/wp-json\/wp\/v2\/media\/714"}],"wp:attachment":[{"href":"https:\/\/vinarijamilicevic.rs\/en\/wp-json\/wp\/v2\/media?parent=701"}],"wp:term":[{"taxonomy":"product_brand","embeddable":true,"href":"https:\/\/vinarijamilicevic.rs\/en\/wp-json\/wp\/v2\/product_brand?post=701"},{"taxonomy":"product_cat","embeddable":true,"href":"https:\/\/vinarijamilicevic.rs\/en\/wp-json\/wp\/v2\/product_cat?post=701"},{"taxonomy":"product_tag","embeddable":true,"href":"https:\/\/vinarijamilicevic.rs\/en\/wp-json\/wp\/v2\/product_tag?post=701"}],"curies":[{"name":"wp","href":"https:\/\/api.w.org\/{rel}","templated":true}]}}