{"id":703,"date":"2025-12-25T15:08:24","date_gmt":"2025-12-25T15:08:24","guid":{"rendered":"https:\/\/vinarijamilicevic.rs\/?post_type=product&#038;p=703"},"modified":"2025-12-25T15:12:24","modified_gmt":"2025-12-25T15:12:24","slug":"vladavina-merlot-standard","status":"publish","type":"product","link":"https:\/\/vinarijamilicevic.rs\/en\/product\/vladavina-merlot-standard\/","title":{"rendered":"Vladavina<br>Merlot Standard"},"content":{"rendered":"","protected":false},"excerpt":{"rendered":"<p class=\"yiv7223194662MsoNormal\">Na mirisu domiinira duvan, crna \u010dokolada i d\u017eemasti tonovi. Ukus je pun, ali ne prete\u017eek, sa blago za\u010dinskim podtonovima koji ga \u010dine zaista nezaboravnim. Ose\u0107a se prezrelo vo\u0107e, pekmez od \u0161ljiva, marmelada od \u0161ipka, duvan crni biber.<\/p>\n<p class=\"yiv7223194662MsoNormal\">Konzuniranje se preporu\u010duje uz crvena mesai jela sa ro\u0161tilja i \u010dokoladne deserte (sufle, saher torta\u2026)<\/p>\n<p class=\"yiv7223194662MsoNormal\">Vino je odle\u017ealo 14 meseci u ba\u010dvama od 2000l, proizvedene od slavonskog hrasta.<\/p>\n<p class=\"yiv7223194662MsoNormal\"><strong>Temperatura slu\u017eenja<\/strong> je 16 \u2013 18<b>\u00b0<\/b>C.<\/p>\n<p class=\"yiv7223194662MsoNormal\">\n<p class=\"yiv7223194662MsoNormal\"><strong>Riesling 2024<\/strong><\/p>\n<p class=\"yiv7223194662MsoNormal\"><strong>AWC Vienna, srebrna medalja 2024, srebran medalja<\/strong><br \/>\n<strong>Balkan International Wine Competition 2025, bronzana medalja<\/strong><br \/>\n<strong>AWC Vienna, srebrna medalja<\/strong><\/p>","protected":false},"featured_media":619,"comment_status":"open","ping_status":"closed","template":"","meta":{"_acf_changed":false},"product_brand":[],"product_cat":[26],"product_tag":[],"class_list":{"0":"post-703","1":"product","2":"type-product","3":"status-publish","4":"has-post-thumbnail","6":"product_cat-uncategorized","8":"first","9":"instock","10":"shipping-taxable","11":"product-type-simple"},"acf":[],"yoast_head":"<!-- This site is optimized with the Yoast SEO plugin v27.1.1 - https:\/\/yoast.com\/product\/yoast-seo-wordpress\/ -->\n<title>VladavinaMerlot Standard - Vinarija Mili\u0107evi\u0107<\/title>\n<meta name=\"description\" content=\"Na mirisu se ose\u0107aju akcent \u0161umskog vo\u0107a, sa so\u010dnim tonovima kupina i borovnice, dok suptilna nota le\u0161nika i vanile upotpunjuje meko\u0107u i eleganciju.Ukus je pun, ali ne prete\u017eek, sa blago za\u010dinskim podtonovima koji ga \u010dine zaista nezaboravnim. Ose\u0107a se prezrelo vo\u0107e, pekmez od \u0161ljiva, marmelada od \u0161ipka, duvan crni biber.\" \/>\n<meta name=\"robots\" content=\"index, follow, max-snippet:-1, max-image-preview:large, max-video-preview:-1\" \/>\n<link rel=\"canonical\" href=\"https:\/\/vinarijamilicevic.rs\/en\/product\/vladavina-merlot-standard\/\" \/>\n<meta property=\"og:locale\" content=\"en_US\" \/>\n<meta property=\"og:type\" content=\"article\" \/>\n<meta property=\"og:title\" content=\"VladavinaMerlot Standard - Vinarija Mili\u0107evi\u0107\" \/>\n<meta property=\"og:description\" content=\"Na mirisu se ose\u0107aju akcent \u0161umskog vo\u0107a, sa so\u010dnim tonovima kupina i borovnice, dok suptilna nota le\u0161nika i vanile upotpunjuje meko\u0107u i eleganciju.Ukus je pun, ali ne prete\u017eek, sa blago za\u010dinskim podtonovima koji ga \u010dine zaista nezaboravnim. Ose\u0107a se prezrelo vo\u0107e, pekmez od \u0161ljiva, marmelada od \u0161ipka, duvan crni biber.\" \/>\n<meta property=\"og:url\" content=\"https:\/\/vinarijamilicevic.rs\/en\/product\/vladavina-merlot-standard\/\" \/>\n<meta property=\"og:site_name\" content=\"Vinarija Mili\u0107evi\u0107\" \/>\n<meta property=\"article:publisher\" content=\"https:\/\/www.instagram.com\/vinarijamilicevic\/\" \/>\n<meta property=\"article:modified_time\" content=\"2025-12-25T15:12:24+00:00\" \/>\n<meta property=\"og:image\" content=\"http:\/\/vinarijamilicevic.rs\/wp-content\/uploads\/2025\/10\/MERLOT-01.png\" \/>\n\t<meta property=\"og:image:width\" content=\"1200\" \/>\n\t<meta property=\"og:image:height\" content=\"1200\" \/>\n\t<meta property=\"og:image:type\" content=\"image\/png\" \/>\n<meta name=\"twitter:card\" content=\"summary_large_image\" \/>\n<meta name=\"twitter:label1\" content=\"Est. reading time\" \/>\n\t<meta name=\"twitter:data1\" content=\"1 minute\" \/>\n<script type=\"application\/ld+json\" class=\"yoast-schema-graph\">{\"@context\":\"https:\/\/schema.org\",\"@graph\":[{\"@type\":\"WebPage\",\"@id\":\"https:\/\/vinarijamilicevic.rs\/product\/vladavina-merlot-standard\/\",\"url\":\"https:\/\/vinarijamilicevic.rs\/product\/vladavina-merlot-standard\/\",\"name\":\"Vladavina Merlot Standard - Vinarija Mili\u0107evi\u0107\",\"isPartOf\":{\"@id\":\"https:\/\/vinarijamilicevic.rs\/#website\"},\"primaryImageOfPage\":{\"@id\":\"https:\/\/vinarijamilicevic.rs\/product\/vladavina-merlot-standard\/#primaryimage\"},\"image\":{\"@id\":\"https:\/\/vinarijamilicevic.rs\/product\/vladavina-merlot-standard\/#primaryimage\"},\"thumbnailUrl\":\"https:\/\/vinarijamilicevic.rs\/wp-content\/uploads\/2025\/10\/MERLOT-01.png\",\"datePublished\":\"2025-12-25T15:08:24+00:00\",\"dateModified\":\"2025-12-25T15:12:24+00:00\",\"description\":\"Na mirisu se ose\u0107aju akcent \u0161umskog vo\u0107a, sa so\u010dnim tonovima kupina i borovnice, dok suptilna nota le\u0161nika i vanile upotpunjuje meko\u0107u i eleganciju.Ukus je pun, ali ne prete\u017eek, sa blago za\u010dinskim podtonovima koji ga \u010dine zaista nezaboravnim. Ose\u0107a se prezrelo vo\u0107e, pekmez od \u0161ljiva, marmelada od \u0161ipka, duvan crni biber.\",\"breadcrumb\":{\"@id\":\"https:\/\/vinarijamilicevic.rs\/product\/vladavina-merlot-standard\/#breadcrumb\"},\"inLanguage\":\"en-US\",\"potentialAction\":[{\"@type\":\"ReadAction\",\"target\":[\"https:\/\/vinarijamilicevic.rs\/product\/vladavina-merlot-standard\/\"]}]},{\"@type\":\"ImageObject\",\"inLanguage\":\"en-US\",\"@id\":\"https:\/\/vinarijamilicevic.rs\/product\/vladavina-merlot-standard\/#primaryimage\",\"url\":\"https:\/\/vinarijamilicevic.rs\/wp-content\/uploads\/2025\/10\/MERLOT-01.png\",\"contentUrl\":\"https:\/\/vinarijamilicevic.rs\/wp-content\/uploads\/2025\/10\/MERLOT-01.png\",\"width\":1200,\"height\":1200,\"caption\":\"Vladavina merlot\"},{\"@type\":\"BreadcrumbList\",\"@id\":\"https:\/\/vinarijamilicevic.rs\/product\/vladavina-merlot-standard\/#breadcrumb\",\"itemListElement\":[{\"@type\":\"ListItem\",\"position\":1,\"name\":\"Home\",\"item\":\"https:\/\/vinarijamilicevic.rs\/\"},{\"@type\":\"ListItem\",\"position\":2,\"name\":\"Vinarija Milicevic Vina\",\"item\":\"https:\/\/vinarijamilicevic.rs\/vinarijamilicevic-rs-nasa-vina\/\"},{\"@type\":\"ListItem\",\"position\":3,\"name\":\"VladavinaMerlot Standard\"}]},{\"@type\":\"WebSite\",\"@id\":\"https:\/\/vinarijamilicevic.rs\/#website\",\"url\":\"https:\/\/vinarijamilicevic.rs\/\",\"name\":\"Vinarija Mili\u0107evi\u0107\",\"description\":\"\",\"publisher\":{\"@id\":\"https:\/\/vinarijamilicevic.rs\/#organization\"},\"potentialAction\":[{\"@type\":\"SearchAction\",\"target\":{\"@type\":\"EntryPoint\",\"urlTemplate\":\"https:\/\/vinarijamilicevic.rs\/?s={search_term_string}\"},\"query-input\":{\"@type\":\"PropertyValueSpecification\",\"valueRequired\":true,\"valueName\":\"search_term_string\"}}],\"inLanguage\":\"en-US\"},{\"@type\":\"Organization\",\"@id\":\"https:\/\/vinarijamilicevic.rs\/#organization\",\"name\":\"Vinarija Mili\u0107evi\u0107\",\"url\":\"https:\/\/vinarijamilicevic.rs\/\",\"logo\":{\"@type\":\"ImageObject\",\"inLanguage\":\"en-US\",\"@id\":\"https:\/\/vinarijamilicevic.rs\/#\/schema\/logo\/image\/\",\"url\":\"https:\/\/vinarijamilicevic.rs\/wp-content\/uploads\/2025\/10\/cropped-logo-2.png\",\"contentUrl\":\"https:\/\/vinarijamilicevic.rs\/wp-content\/uploads\/2025\/10\/cropped-logo-2.png\",\"width\":249,\"height\":108,\"caption\":\"Vinarija Mili\u0107evi\u0107\"},\"image\":{\"@id\":\"https:\/\/vinarijamilicevic.rs\/#\/schema\/logo\/image\/\"},\"sameAs\":[\"https:\/\/www.instagram.com\/vinarijamilicevic\/\"]}]}<\/script>\n<!-- \/ Yoast SEO plugin. -->","yoast_head_json":{"title":"VladavinaMerlot Standard - Vinarija Mili\u0107evi\u0107","description":"Na mirisu se ose\u0107aju akcent \u0161umskog vo\u0107a, sa so\u010dnim tonovima kupina i borovnice, dok suptilna nota le\u0161nika i vanile upotpunjuje meko\u0107u i eleganciju.Ukus je pun, ali ne prete\u017eek, sa blago za\u010dinskim podtonovima koji ga \u010dine zaista nezaboravnim. Ose\u0107a se prezrelo vo\u0107e, pekmez od \u0161ljiva, marmelada od \u0161ipka, duvan crni biber.","robots":{"index":"index","follow":"follow","max-snippet":"max-snippet:-1","max-image-preview":"max-image-preview:large","max-video-preview":"max-video-preview:-1"},"canonical":"https:\/\/vinarijamilicevic.rs\/en\/product\/vladavina-merlot-standard\/","og_locale":"en_US","og_type":"article","og_title":"VladavinaMerlot Standard - Vinarija Mili\u0107evi\u0107","og_description":"Na mirisu se ose\u0107aju akcent \u0161umskog vo\u0107a, sa so\u010dnim tonovima kupina i borovnice, dok suptilna nota le\u0161nika i vanile upotpunjuje meko\u0107u i eleganciju.Ukus je pun, ali ne prete\u017eek, sa blago za\u010dinskim podtonovima koji ga \u010dine zaista nezaboravnim. Ose\u0107a se prezrelo vo\u0107e, pekmez od \u0161ljiva, marmelada od \u0161ipka, duvan crni biber.","og_url":"https:\/\/vinarijamilicevic.rs\/en\/product\/vladavina-merlot-standard\/","og_site_name":"Vinarija Mili\u0107evi\u0107","article_publisher":"https:\/\/www.instagram.com\/vinarijamilicevic\/","article_modified_time":"2025-12-25T15:12:24+00:00","og_image":[{"width":1200,"height":1200,"url":"http:\/\/vinarijamilicevic.rs\/wp-content\/uploads\/2025\/10\/MERLOT-01.png","type":"image\/png"}],"twitter_card":"summary_large_image","twitter_misc":{"Est. reading time":"1 minute"},"schema":{"@context":"https:\/\/schema.org","@graph":[{"@type":"WebPage","@id":"https:\/\/vinarijamilicevic.rs\/product\/vladavina-merlot-standard\/","url":"https:\/\/vinarijamilicevic.rs\/product\/vladavina-merlot-standard\/","name":"Vladavina Merlot Standard - Vinarija Mili\u0107evi\u0107","isPartOf":{"@id":"https:\/\/vinarijamilicevic.rs\/#website"},"primaryImageOfPage":{"@id":"https:\/\/vinarijamilicevic.rs\/product\/vladavina-merlot-standard\/#primaryimage"},"image":{"@id":"https:\/\/vinarijamilicevic.rs\/product\/vladavina-merlot-standard\/#primaryimage"},"thumbnailUrl":"https:\/\/vinarijamilicevic.rs\/wp-content\/uploads\/2025\/10\/MERLOT-01.png","datePublished":"2025-12-25T15:08:24+00:00","dateModified":"2025-12-25T15:12:24+00:00","description":"Na mirisu se ose\u0107aju akcent \u0161umskog vo\u0107a, sa so\u010dnim tonovima kupina i borovnice, dok suptilna nota le\u0161nika i vanile upotpunjuje meko\u0107u i eleganciju.Ukus je pun, ali ne prete\u017eek, sa blago za\u010dinskim podtonovima koji ga \u010dine zaista nezaboravnim. Ose\u0107a se prezrelo vo\u0107e, pekmez od \u0161ljiva, marmelada od \u0161ipka, duvan crni biber.","breadcrumb":{"@id":"https:\/\/vinarijamilicevic.rs\/product\/vladavina-merlot-standard\/#breadcrumb"},"inLanguage":"en-US","potentialAction":[{"@type":"ReadAction","target":["https:\/\/vinarijamilicevic.rs\/product\/vladavina-merlot-standard\/"]}]},{"@type":"ImageObject","inLanguage":"en-US","@id":"https:\/\/vinarijamilicevic.rs\/product\/vladavina-merlot-standard\/#primaryimage","url":"https:\/\/vinarijamilicevic.rs\/wp-content\/uploads\/2025\/10\/MERLOT-01.png","contentUrl":"https:\/\/vinarijamilicevic.rs\/wp-content\/uploads\/2025\/10\/MERLOT-01.png","width":1200,"height":1200,"caption":"Vladavina merlot"},{"@type":"BreadcrumbList","@id":"https:\/\/vinarijamilicevic.rs\/product\/vladavina-merlot-standard\/#breadcrumb","itemListElement":[{"@type":"ListItem","position":1,"name":"Home","item":"https:\/\/vinarijamilicevic.rs\/"},{"@type":"ListItem","position":2,"name":"Vinarija Milicevic Vina","item":"https:\/\/vinarijamilicevic.rs\/vinarijamilicevic-rs-nasa-vina\/"},{"@type":"ListItem","position":3,"name":"VladavinaMerlot Standard"}]},{"@type":"WebSite","@id":"https:\/\/vinarijamilicevic.rs\/#website","url":"https:\/\/vinarijamilicevic.rs\/","name":"Mili\u0107evi\u0107 Winery","description":"","publisher":{"@id":"https:\/\/vinarijamilicevic.rs\/#organization"},"potentialAction":[{"@type":"SearchAction","target":{"@type":"EntryPoint","urlTemplate":"https:\/\/vinarijamilicevic.rs\/?s={search_term_string}"},"query-input":{"@type":"PropertyValueSpecification","valueRequired":true,"valueName":"search_term_string"}}],"inLanguage":"en-US"},{"@type":"Organization","@id":"https:\/\/vinarijamilicevic.rs\/#organization","name":"Mili\u0107evi\u0107 Winery","url":"https:\/\/vinarijamilicevic.rs\/","logo":{"@type":"ImageObject","inLanguage":"en-US","@id":"https:\/\/vinarijamilicevic.rs\/#\/schema\/logo\/image\/","url":"https:\/\/vinarijamilicevic.rs\/wp-content\/uploads\/2025\/10\/cropped-logo-2.png","contentUrl":"https:\/\/vinarijamilicevic.rs\/wp-content\/uploads\/2025\/10\/cropped-logo-2.png","width":249,"height":108,"caption":"Vinarija Mili\u0107evi\u0107"},"image":{"@id":"https:\/\/vinarijamilicevic.rs\/#\/schema\/logo\/image\/"},"sameAs":["https:\/\/www.instagram.com\/vinarijamilicevic\/"]}]}},"_links":{"self":[{"href":"https:\/\/vinarijamilicevic.rs\/en\/wp-json\/wp\/v2\/product\/703","targetHints":{"allow":["GET"]}}],"collection":[{"href":"https:\/\/vinarijamilicevic.rs\/en\/wp-json\/wp\/v2\/product"}],"about":[{"href":"https:\/\/vinarijamilicevic.rs\/en\/wp-json\/wp\/v2\/types\/product"}],"replies":[{"embeddable":true,"href":"https:\/\/vinarijamilicevic.rs\/en\/wp-json\/wp\/v2\/comments?post=703"}],"wp:featuredmedia":[{"embeddable":true,"href":"https:\/\/vinarijamilicevic.rs\/en\/wp-json\/wp\/v2\/media\/619"}],"wp:attachment":[{"href":"https:\/\/vinarijamilicevic.rs\/en\/wp-json\/wp\/v2\/media?parent=703"}],"wp:term":[{"taxonomy":"product_brand","embeddable":true,"href":"https:\/\/vinarijamilicevic.rs\/en\/wp-json\/wp\/v2\/product_brand?post=703"},{"taxonomy":"product_cat","embeddable":true,"href":"https:\/\/vinarijamilicevic.rs\/en\/wp-json\/wp\/v2\/product_cat?post=703"},{"taxonomy":"product_tag","embeddable":true,"href":"https:\/\/vinarijamilicevic.rs\/en\/wp-json\/wp\/v2\/product_tag?post=703"}],"curies":[{"name":"wp","href":"https:\/\/api.w.org\/{rel}","templated":true}]}}