{"id":708,"date":"2025-12-25T15:18:23","date_gmt":"2025-12-25T15:18:23","guid":{"rendered":"https:\/\/vinarijamilicevic.rs\/?post_type=product&#038;p=708"},"modified":"2025-12-31T09:35:14","modified_gmt":"2025-12-31T09:35:14","slug":"vladavina-rose","status":"publish","type":"product","link":"https:\/\/vinarijamilicevic.rs\/en\/product\/vladavina-rose\/","title":{"rendered":"Vladavina<br>Rose"},"content":{"rendered":"","protected":false},"excerpt":{"rendered":"<p class=\"yiv2896195982MsoNormal\"><span lang=\"EN-US\">Rose &#8211; berba 2023.<\/p>\n<p>Na mirisu se ose<\/span>\u0107a jagoda, malina i divlja ru\u017ea. Ukus vina podse\u0107a na divlje jagode i tre\u0161nju.<\/p>\n<p class=\"yiv2896195982MsoNormal\">Konzumiranje se preporu\u010duje uz predjela, testeninesa povr\u0107em, dinstana i pe\u0161ena jela i sva jela sa ro\u0161tilja, uz dezerte, pitu od jabuka i \u010diz kejk.<\/p>\n<p class=\"yiv2896195982MsoNormal\"><strong>Temperatura slu\u017eenja<\/strong> 12<b>\u00a0<\/b>\u00b0C.<\/p>\n<p class=\"yiv2896195982MsoNormal\"><strong>Priznanja<span lang=\"EN-US\">:<\/span><\/strong><\/p>\n<p class=\"yiv2896195982MsoNormal\"><strong><span lang=\"EN-US\">Balkan International Wine Competition 2025. Srebrna medalja<br \/>\n<\/span><\/strong><strong><span lang=\"EN-US\">Open Balkan 2024. bronzana medalja<\/span><\/strong><\/p>\n<p>&nbsp;<\/p>","protected":false},"featured_media":713,"comment_status":"open","ping_status":"closed","template":"","meta":{"_acf_changed":false},"product_brand":[],"product_cat":[26],"product_tag":[],"class_list":{"0":"post-708","1":"product","2":"type-product","3":"status-publish","4":"has-post-thumbnail","6":"product_cat-uncategorized","8":"first","9":"instock","10":"shipping-taxable","11":"product-type-simple"},"acf":[],"yoast_head":"<!-- This site is optimized with the Yoast SEO plugin v27.1.1 - https:\/\/yoast.com\/product\/yoast-seo-wordpress\/ -->\n<title>VladavinaRose - Vinarija Mili\u0107evi\u0107<\/title>\n<meta name=\"description\" content=\"Ukus vina podse\u0107a na divlje jagode i tre\u0161nju. Konzumiranje se preporu\u010duje uz predjela, testeninesa povr\u0107em, dinstana i pe\u0161ena jela i sva jela sa ro\u0161tilja, uz dezerte, pitu od jabuka i \u010diz kejk.\" \/>\n<meta name=\"robots\" content=\"index, follow, max-snippet:-1, max-image-preview:large, max-video-preview:-1\" \/>\n<link rel=\"canonical\" href=\"https:\/\/vinarijamilicevic.rs\/en\/product\/vladavina-rose\/\" \/>\n<meta property=\"og:locale\" content=\"en_US\" \/>\n<meta property=\"og:type\" content=\"article\" \/>\n<meta property=\"og:title\" content=\"VladavinaRose - Vinarija Mili\u0107evi\u0107\" \/>\n<meta property=\"og:description\" content=\"Ukus vina podse\u0107a na divlje jagode i tre\u0161nju. Konzumiranje se preporu\u010duje uz predjela, testeninesa povr\u0107em, dinstana i pe\u0161ena jela i sva jela sa ro\u0161tilja, uz dezerte, pitu od jabuka i \u010diz kejk.\" \/>\n<meta property=\"og:url\" content=\"https:\/\/vinarijamilicevic.rs\/en\/product\/vladavina-rose\/\" \/>\n<meta property=\"og:site_name\" content=\"Vinarija Mili\u0107evi\u0107\" \/>\n<meta property=\"article:publisher\" content=\"https:\/\/www.instagram.com\/vinarijamilicevic\/\" \/>\n<meta property=\"article:modified_time\" content=\"2025-12-31T09:35:14+00:00\" \/>\n<meta property=\"og:image\" content=\"http:\/\/vinarijamilicevic.rs\/wp-content\/uploads\/2025\/12\/Vladavina-Rose-1.png\" \/>\n\t<meta property=\"og:image:width\" content=\"1024\" \/>\n\t<meta property=\"og:image:height\" content=\"1024\" \/>\n\t<meta property=\"og:image:type\" content=\"image\/png\" \/>\n<meta name=\"twitter:card\" content=\"summary_large_image\" \/>\n<meta name=\"twitter:label1\" content=\"Est. reading time\" \/>\n\t<meta name=\"twitter:data1\" content=\"1 minute\" \/>\n<script type=\"application\/ld+json\" class=\"yoast-schema-graph\">{\"@context\":\"https:\/\/schema.org\",\"@graph\":[{\"@type\":\"WebPage\",\"@id\":\"https:\/\/vinarijamilicevic.rs\/product\/vladavina-rose\/\",\"url\":\"https:\/\/vinarijamilicevic.rs\/product\/vladavina-rose\/\",\"name\":\"Vladavina Rose - Vinarija Mili\u0107evi\u0107\",\"isPartOf\":{\"@id\":\"https:\/\/vinarijamilicevic.rs\/#website\"},\"primaryImageOfPage\":{\"@id\":\"https:\/\/vinarijamilicevic.rs\/product\/vladavina-rose\/#primaryimage\"},\"image\":{\"@id\":\"https:\/\/vinarijamilicevic.rs\/product\/vladavina-rose\/#primaryimage\"},\"thumbnailUrl\":\"https:\/\/vinarijamilicevic.rs\/wp-content\/uploads\/2025\/12\/Vladavina-Rose-1.png\",\"datePublished\":\"2025-12-25T15:18:23+00:00\",\"dateModified\":\"2025-12-31T09:35:14+00:00\",\"description\":\"Ukus vina podse\u0107a na divlje jagode i tre\u0161nju. Konzumiranje se preporu\u010duje uz predjela, testeninesa povr\u0107em, dinstana i pe\u0161ena jela i sva jela sa ro\u0161tilja, uz dezerte, pitu od jabuka i \u010diz kejk.\",\"breadcrumb\":{\"@id\":\"https:\/\/vinarijamilicevic.rs\/product\/vladavina-rose\/#breadcrumb\"},\"inLanguage\":\"en-US\",\"potentialAction\":[{\"@type\":\"ReadAction\",\"target\":[\"https:\/\/vinarijamilicevic.rs\/product\/vladavina-rose\/\"]}]},{\"@type\":\"ImageObject\",\"inLanguage\":\"en-US\",\"@id\":\"https:\/\/vinarijamilicevic.rs\/product\/vladavina-rose\/#primaryimage\",\"url\":\"https:\/\/vinarijamilicevic.rs\/wp-content\/uploads\/2025\/12\/Vladavina-Rose-1.png\",\"contentUrl\":\"https:\/\/vinarijamilicevic.rs\/wp-content\/uploads\/2025\/12\/Vladavina-Rose-1.png\",\"width\":1024,\"height\":1024,\"caption\":\"Vladavina-Rose\"},{\"@type\":\"BreadcrumbList\",\"@id\":\"https:\/\/vinarijamilicevic.rs\/product\/vladavina-rose\/#breadcrumb\",\"itemListElement\":[{\"@type\":\"ListItem\",\"position\":1,\"name\":\"Home\",\"item\":\"https:\/\/vinarijamilicevic.rs\/\"},{\"@type\":\"ListItem\",\"position\":2,\"name\":\"Vinarija Milicevic Vina\",\"item\":\"https:\/\/vinarijamilicevic.rs\/vinarijamilicevic-rs-nasa-vina\/\"},{\"@type\":\"ListItem\",\"position\":3,\"name\":\"VladavinaRose\"}]},{\"@type\":\"WebSite\",\"@id\":\"https:\/\/vinarijamilicevic.rs\/#website\",\"url\":\"https:\/\/vinarijamilicevic.rs\/\",\"name\":\"Vinarija Mili\u0107evi\u0107\",\"description\":\"\",\"publisher\":{\"@id\":\"https:\/\/vinarijamilicevic.rs\/#organization\"},\"potentialAction\":[{\"@type\":\"SearchAction\",\"target\":{\"@type\":\"EntryPoint\",\"urlTemplate\":\"https:\/\/vinarijamilicevic.rs\/?s={search_term_string}\"},\"query-input\":{\"@type\":\"PropertyValueSpecification\",\"valueRequired\":true,\"valueName\":\"search_term_string\"}}],\"inLanguage\":\"en-US\"},{\"@type\":\"Organization\",\"@id\":\"https:\/\/vinarijamilicevic.rs\/#organization\",\"name\":\"Vinarija Mili\u0107evi\u0107\",\"url\":\"https:\/\/vinarijamilicevic.rs\/\",\"logo\":{\"@type\":\"ImageObject\",\"inLanguage\":\"en-US\",\"@id\":\"https:\/\/vinarijamilicevic.rs\/#\/schema\/logo\/image\/\",\"url\":\"https:\/\/vinarijamilicevic.rs\/wp-content\/uploads\/2025\/10\/cropped-logo-2.png\",\"contentUrl\":\"https:\/\/vinarijamilicevic.rs\/wp-content\/uploads\/2025\/10\/cropped-logo-2.png\",\"width\":249,\"height\":108,\"caption\":\"Vinarija Mili\u0107evi\u0107\"},\"image\":{\"@id\":\"https:\/\/vinarijamilicevic.rs\/#\/schema\/logo\/image\/\"},\"sameAs\":[\"https:\/\/www.instagram.com\/vinarijamilicevic\/\"]}]}<\/script>\n<!-- \/ Yoast SEO plugin. -->","yoast_head_json":{"title":"VladavinaRose - Vinarija Mili\u0107evi\u0107","description":"Ukus vina podse\u0107a na divlje jagode i tre\u0161nju. Konzumiranje se preporu\u010duje uz predjela, testeninesa povr\u0107em, dinstana i pe\u0161ena jela i sva jela sa ro\u0161tilja, uz dezerte, pitu od jabuka i \u010diz kejk.","robots":{"index":"index","follow":"follow","max-snippet":"max-snippet:-1","max-image-preview":"max-image-preview:large","max-video-preview":"max-video-preview:-1"},"canonical":"https:\/\/vinarijamilicevic.rs\/en\/product\/vladavina-rose\/","og_locale":"en_US","og_type":"article","og_title":"VladavinaRose - Vinarija Mili\u0107evi\u0107","og_description":"Ukus vina podse\u0107a na divlje jagode i tre\u0161nju. Konzumiranje se preporu\u010duje uz predjela, testeninesa povr\u0107em, dinstana i pe\u0161ena jela i sva jela sa ro\u0161tilja, uz dezerte, pitu od jabuka i \u010diz kejk.","og_url":"https:\/\/vinarijamilicevic.rs\/en\/product\/vladavina-rose\/","og_site_name":"Vinarija Mili\u0107evi\u0107","article_publisher":"https:\/\/www.instagram.com\/vinarijamilicevic\/","article_modified_time":"2025-12-31T09:35:14+00:00","og_image":[{"width":1024,"height":1024,"url":"http:\/\/vinarijamilicevic.rs\/wp-content\/uploads\/2025\/12\/Vladavina-Rose-1.png","type":"image\/png"}],"twitter_card":"summary_large_image","twitter_misc":{"Est. reading time":"1 minute"},"schema":{"@context":"https:\/\/schema.org","@graph":[{"@type":"WebPage","@id":"https:\/\/vinarijamilicevic.rs\/product\/vladavina-rose\/","url":"https:\/\/vinarijamilicevic.rs\/product\/vladavina-rose\/","name":"Vladavina Rose - Vinarija Mili\u0107evi\u0107","isPartOf":{"@id":"https:\/\/vinarijamilicevic.rs\/#website"},"primaryImageOfPage":{"@id":"https:\/\/vinarijamilicevic.rs\/product\/vladavina-rose\/#primaryimage"},"image":{"@id":"https:\/\/vinarijamilicevic.rs\/product\/vladavina-rose\/#primaryimage"},"thumbnailUrl":"https:\/\/vinarijamilicevic.rs\/wp-content\/uploads\/2025\/12\/Vladavina-Rose-1.png","datePublished":"2025-12-25T15:18:23+00:00","dateModified":"2025-12-31T09:35:14+00:00","description":"Ukus vina podse\u0107a na divlje jagode i tre\u0161nju. Konzumiranje se preporu\u010duje uz predjela, testeninesa povr\u0107em, dinstana i pe\u0161ena jela i sva jela sa ro\u0161tilja, uz dezerte, pitu od jabuka i \u010diz kejk.","breadcrumb":{"@id":"https:\/\/vinarijamilicevic.rs\/product\/vladavina-rose\/#breadcrumb"},"inLanguage":"en-US","potentialAction":[{"@type":"ReadAction","target":["https:\/\/vinarijamilicevic.rs\/product\/vladavina-rose\/"]}]},{"@type":"ImageObject","inLanguage":"en-US","@id":"https:\/\/vinarijamilicevic.rs\/product\/vladavina-rose\/#primaryimage","url":"https:\/\/vinarijamilicevic.rs\/wp-content\/uploads\/2025\/12\/Vladavina-Rose-1.png","contentUrl":"https:\/\/vinarijamilicevic.rs\/wp-content\/uploads\/2025\/12\/Vladavina-Rose-1.png","width":1024,"height":1024,"caption":"Vladavina-Rose"},{"@type":"BreadcrumbList","@id":"https:\/\/vinarijamilicevic.rs\/product\/vladavina-rose\/#breadcrumb","itemListElement":[{"@type":"ListItem","position":1,"name":"Home","item":"https:\/\/vinarijamilicevic.rs\/"},{"@type":"ListItem","position":2,"name":"Vinarija Milicevic Vina","item":"https:\/\/vinarijamilicevic.rs\/vinarijamilicevic-rs-nasa-vina\/"},{"@type":"ListItem","position":3,"name":"VladavinaRose"}]},{"@type":"WebSite","@id":"https:\/\/vinarijamilicevic.rs\/#website","url":"https:\/\/vinarijamilicevic.rs\/","name":"Mili\u0107evi\u0107 Winery","description":"","publisher":{"@id":"https:\/\/vinarijamilicevic.rs\/#organization"},"potentialAction":[{"@type":"SearchAction","target":{"@type":"EntryPoint","urlTemplate":"https:\/\/vinarijamilicevic.rs\/?s={search_term_string}"},"query-input":{"@type":"PropertyValueSpecification","valueRequired":true,"valueName":"search_term_string"}}],"inLanguage":"en-US"},{"@type":"Organization","@id":"https:\/\/vinarijamilicevic.rs\/#organization","name":"Mili\u0107evi\u0107 Winery","url":"https:\/\/vinarijamilicevic.rs\/","logo":{"@type":"ImageObject","inLanguage":"en-US","@id":"https:\/\/vinarijamilicevic.rs\/#\/schema\/logo\/image\/","url":"https:\/\/vinarijamilicevic.rs\/wp-content\/uploads\/2025\/10\/cropped-logo-2.png","contentUrl":"https:\/\/vinarijamilicevic.rs\/wp-content\/uploads\/2025\/10\/cropped-logo-2.png","width":249,"height":108,"caption":"Vinarija Mili\u0107evi\u0107"},"image":{"@id":"https:\/\/vinarijamilicevic.rs\/#\/schema\/logo\/image\/"},"sameAs":["https:\/\/www.instagram.com\/vinarijamilicevic\/"]}]}},"_links":{"self":[{"href":"https:\/\/vinarijamilicevic.rs\/en\/wp-json\/wp\/v2\/product\/708","targetHints":{"allow":["GET"]}}],"collection":[{"href":"https:\/\/vinarijamilicevic.rs\/en\/wp-json\/wp\/v2\/product"}],"about":[{"href":"https:\/\/vinarijamilicevic.rs\/en\/wp-json\/wp\/v2\/types\/product"}],"replies":[{"embeddable":true,"href":"https:\/\/vinarijamilicevic.rs\/en\/wp-json\/wp\/v2\/comments?post=708"}],"wp:featuredmedia":[{"embeddable":true,"href":"https:\/\/vinarijamilicevic.rs\/en\/wp-json\/wp\/v2\/media\/713"}],"wp:attachment":[{"href":"https:\/\/vinarijamilicevic.rs\/en\/wp-json\/wp\/v2\/media?parent=708"}],"wp:term":[{"taxonomy":"product_brand","embeddable":true,"href":"https:\/\/vinarijamilicevic.rs\/en\/wp-json\/wp\/v2\/product_brand?post=708"},{"taxonomy":"product_cat","embeddable":true,"href":"https:\/\/vinarijamilicevic.rs\/en\/wp-json\/wp\/v2\/product_cat?post=708"},{"taxonomy":"product_tag","embeddable":true,"href":"https:\/\/vinarijamilicevic.rs\/en\/wp-json\/wp\/v2\/product_tag?post=708"}],"curies":[{"name":"wp","href":"https:\/\/api.w.org\/{rel}","templated":true}]}}